{"id":948,"date":"2022-10-09T23:21:56","date_gmt":"2022-10-09T23:21:56","guid":{"rendered":"https:\/\/novalavie.daracaroline.com.br\/?post_type=product&#038;p=948"},"modified":"2026-02-18T19:04:11","modified_gmt":"2026-02-18T19:04:11","slug":"anel-kally-ouro","status":"publish","type":"product","link":"https:\/\/novalavie.daracaroline.com.br\/en\/product\/anel-kally-ouro\/","title":{"rendered":"Anel Kally Ouro"},"content":{"rendered":"<p>Prata 925 banhada a Ouro 18K com pedra de zirc\u00f4nia cristal e azul.<br \/>\nTamanho: Ajust\u00e1vel ao dedo<\/p>\n<p>Anel em prata 925 com banho de ouro, inspirado no s\u00edmbolo do olho grego, cravejado com zirc\u00f4nias que real\u00e7am o brilho e a delicadeza da pe\u00e7a.<\/p>\n<p>Uma joia moderna e cheia de significado, associada \u00e0 prote\u00e7\u00e3o e boas energias.<\/p>\n<p>\ud83d\udc9b Perfeito para quem ama acess\u00f3rios elegantes com um toque de estilo e simbolismo.<\/p>","protected":false},"excerpt":{"rendered":"<p>Prata 925 banhada a Ouro 18K com pedra de zirc\u00f4nia cristal e azul. Tamanho: Ajust\u00e1vel ao dedo Anel em prata 925 com banho de ouro, inspirado no s\u00edmbolo do olho grego, cravejado com zirc\u00f4nias que real\u00e7am o brilho e a delicadeza da pe\u00e7a. Uma joia moderna e cheia de significado, associada \u00e0 prote\u00e7\u00e3o e boas [&hellip;]<\/p>\n","protected":false},"featured_media":949,"template":"","meta":[],"product_brand":[],"product_cat":[20,60,22],"product_tag":[],"class_list":{"0":"post-948","1":"product","2":"type-product","3":"status-publish","4":"has-post-thumbnail","6":"product_cat-aneis","7":"product_cat-aneis-ajustaveis","8":"product_cat-prata-925-com-banho-ouro-18k","10":"first","11":"onbackorder","12":"shipping-taxable","13":"purchasable","14":"product-type-simple"},"_links":{"self":[{"href":"https:\/\/novalavie.daracaroline.com.br\/en\/wp-json\/wp\/v2\/product\/948","targetHints":{"allow":["GET"]}}],"collection":[{"href":"https:\/\/novalavie.daracaroline.com.br\/en\/wp-json\/wp\/v2\/product"}],"about":[{"href":"https:\/\/novalavie.daracaroline.com.br\/en\/wp-json\/wp\/v2\/types\/product"}],"version-history":[{"count":0,"href":"https:\/\/novalavie.daracaroline.com.br\/en\/wp-json\/wp\/v2\/product\/948\/revisions"}],"wp:featuredmedia":[{"embeddable":true,"href":"https:\/\/novalavie.daracaroline.com.br\/en\/wp-json\/wp\/v2\/media\/949"}],"wp:attachment":[{"href":"https:\/\/novalavie.daracaroline.com.br\/en\/wp-json\/wp\/v2\/media?parent=948"}],"wp:term":[{"taxonomy":"product_brand","embeddable":true,"href":"https:\/\/novalavie.daracaroline.com.br\/en\/wp-json\/wp\/v2\/product_brand?post=948"},{"taxonomy":"product_cat","embeddable":true,"href":"https:\/\/novalavie.daracaroline.com.br\/en\/wp-json\/wp\/v2\/product_cat?post=948"},{"taxonomy":"product_tag","embeddable":true,"href":"https:\/\/novalavie.daracaroline.com.br\/en\/wp-json\/wp\/v2\/product_tag?post=948"}],"curies":[{"name":"wp","href":"https:\/\/api.w.org\/{rel}","templated":true}]}}