{"id":932,"date":"2022-10-09T23:09:52","date_gmt":"2022-10-09T23:09:52","guid":{"rendered":"https:\/\/novalavie.daracaroline.com.br\/?post_type=product&#038;p=932"},"modified":"2026-02-18T18:22:09","modified_gmt":"2026-02-18T18:22:09","slug":"anel-cobra-ouro","status":"publish","type":"product","link":"https:\/\/novalavie.daracaroline.com.br\/en\/product\/anel-cobra-ouro\/","title":{"rendered":"Anel Cobra Ouro"},"content":{"rendered":"<p>Prata 925 com Banho 18K<br \/>\nTamanho: Ajust\u00e1vel ao dedo<\/p>\n<p>\ud83d\udc0d\u2728 Anel ajust\u00e1vel em prata 925 e banho de ouro 18k, com design em formato de cobra, uma joia moderna e cheia de personalidade. S\u00edmbolo de renova\u00e7\u00e3o e for\u00e7a, \u00e9 a pe\u00e7a perfeita para quem ama acess\u00f3rios marcantes e cheios de estilo.<\/p>\n<p>Ajust\u00e1vel e confort\u00e1vel, ideal para destacar qualquer look. Garanta o seu!<\/p>","protected":false},"excerpt":{"rendered":"<p>Prata 925 com Banho 18K Tamanho: Ajust\u00e1vel ao dedo \ud83d\udc0d\u2728 Anel ajust\u00e1vel em prata 925 e banho de ouro 18k, com design em formato de cobra, uma joia moderna e cheia de personalidade. S\u00edmbolo de renova\u00e7\u00e3o e for\u00e7a, \u00e9 a pe\u00e7a perfeita para quem ama acess\u00f3rios marcantes e cheios de estilo. Ajust\u00e1vel e confort\u00e1vel, ideal [&hellip;]<\/p>\n","protected":false},"featured_media":5102,"template":"","meta":[],"product_brand":[],"product_cat":[20,60,22],"product_tag":[],"class_list":{"0":"post-932","1":"product","2":"type-product","3":"status-publish","4":"has-post-thumbnail","6":"product_cat-aneis","7":"product_cat-aneis-ajustaveis","8":"product_cat-prata-925-com-banho-ouro-18k","10":"first","11":"onbackorder","12":"shipping-taxable","13":"purchasable","14":"product-type-simple"},"_links":{"self":[{"href":"https:\/\/novalavie.daracaroline.com.br\/en\/wp-json\/wp\/v2\/product\/932","targetHints":{"allow":["GET"]}}],"collection":[{"href":"https:\/\/novalavie.daracaroline.com.br\/en\/wp-json\/wp\/v2\/product"}],"about":[{"href":"https:\/\/novalavie.daracaroline.com.br\/en\/wp-json\/wp\/v2\/types\/product"}],"version-history":[{"count":0,"href":"https:\/\/novalavie.daracaroline.com.br\/en\/wp-json\/wp\/v2\/product\/932\/revisions"}],"wp:featuredmedia":[{"embeddable":true,"href":"https:\/\/novalavie.daracaroline.com.br\/en\/wp-json\/wp\/v2\/media\/5102"}],"wp:attachment":[{"href":"https:\/\/novalavie.daracaroline.com.br\/en\/wp-json\/wp\/v2\/media?parent=932"}],"wp:term":[{"taxonomy":"product_brand","embeddable":true,"href":"https:\/\/novalavie.daracaroline.com.br\/en\/wp-json\/wp\/v2\/product_brand?post=932"},{"taxonomy":"product_cat","embeddable":true,"href":"https:\/\/novalavie.daracaroline.com.br\/en\/wp-json\/wp\/v2\/product_cat?post=932"},{"taxonomy":"product_tag","embeddable":true,"href":"https:\/\/novalavie.daracaroline.com.br\/en\/wp-json\/wp\/v2\/product_tag?post=932"}],"curies":[{"name":"wp","href":"https:\/\/api.w.org\/{rel}","templated":true}]}}