{"id":909,"date":"2022-10-09T22:53:09","date_gmt":"2022-10-09T22:53:09","guid":{"rendered":"https:\/\/novalavie.daracaroline.com.br\/?post_type=product&#038;p=909"},"modified":"2026-02-16T13:57:37","modified_gmt":"2026-02-16T13:57:37","slug":"anel-briana-prata","status":"publish","type":"product","link":"https:\/\/novalavie.daracaroline.com.br\/en\/product\/anel-briana-prata\/","title":{"rendered":"Anel Briana Prata"},"content":{"rendered":"<p>Prata 925 com Banho de R\u00f3dio.<br \/>\nPedras: Zirc\u00f4nia Cristal.<br \/>\nAnel Ajust\u00e1vel.<\/p>\n<p>Anel ajust\u00e1vel em Prata 925, com duas borboletas nas extremidades.<\/p>\n<p>Design delicado que simboliza leveza, transforma\u00e7\u00e3o e liberdade.<\/p>\n<p>Uma joia vers\u00e1til e encantadora, perfeita para uso di\u00e1rio.<\/p>","protected":false},"excerpt":{"rendered":"<p>Prata 925 com Banho de R\u00f3dio. Pedras: Zirc\u00f4nia Cristal. Anel Ajust\u00e1vel. Anel ajust\u00e1vel em Prata 925, com duas borboletas nas extremidades. Design delicado que simboliza leveza, transforma\u00e7\u00e3o e liberdade. Uma joia vers\u00e1til e encantadora, perfeita para uso di\u00e1rio.<\/p>","protected":false},"featured_media":910,"template":"","meta":[],"product_brand":[],"product_cat":[20,60,21],"product_tag":[],"class_list":{"0":"post-909","1":"product","2":"type-product","3":"status-publish","4":"has-post-thumbnail","6":"product_cat-aneis","7":"product_cat-aneis-ajustaveis","8":"product_cat-prata-925","10":"first","11":"instock","12":"shipping-taxable","13":"purchasable","14":"product-type-simple"},"_links":{"self":[{"href":"https:\/\/novalavie.daracaroline.com.br\/en\/wp-json\/wp\/v2\/product\/909","targetHints":{"allow":["GET"]}}],"collection":[{"href":"https:\/\/novalavie.daracaroline.com.br\/en\/wp-json\/wp\/v2\/product"}],"about":[{"href":"https:\/\/novalavie.daracaroline.com.br\/en\/wp-json\/wp\/v2\/types\/product"}],"version-history":[{"count":0,"href":"https:\/\/novalavie.daracaroline.com.br\/en\/wp-json\/wp\/v2\/product\/909\/revisions"}],"wp:featuredmedia":[{"embeddable":true,"href":"https:\/\/novalavie.daracaroline.com.br\/en\/wp-json\/wp\/v2\/media\/910"}],"wp:attachment":[{"href":"https:\/\/novalavie.daracaroline.com.br\/en\/wp-json\/wp\/v2\/media?parent=909"}],"wp:term":[{"taxonomy":"product_brand","embeddable":true,"href":"https:\/\/novalavie.daracaroline.com.br\/en\/wp-json\/wp\/v2\/product_brand?post=909"},{"taxonomy":"product_cat","embeddable":true,"href":"https:\/\/novalavie.daracaroline.com.br\/en\/wp-json\/wp\/v2\/product_cat?post=909"},{"taxonomy":"product_tag","embeddable":true,"href":"https:\/\/novalavie.daracaroline.com.br\/en\/wp-json\/wp\/v2\/product_tag?post=909"}],"curies":[{"name":"wp","href":"https:\/\/api.w.org\/{rel}","templated":true}]}}