{"id":4812,"date":"2025-11-17T02:33:27","date_gmt":"2025-11-17T02:33:27","guid":{"rendered":"https:\/\/novalavie.daracaroline.com.br\/?post_type=product&#038;p=4812"},"modified":"2026-02-04T16:03:43","modified_gmt":"2026-02-04T16:03:43","slug":"anel-trip-ouro-rose","status":"publish","type":"product","link":"https:\/\/novalavie.daracaroline.com.br\/en\/product\/anel-trip-ouro-rose\/","title":{"rendered":"Anel Trip Ouro Rose"},"content":{"rendered":"<p>Prata 925 com Banho de Ouro Rose.<br \/>\nPedras: Zirc\u00f4nia Cristal.<br \/>\nAnel Ajust\u00e1vel.<\/p>\n<p>Anel ajust\u00e1vel em Prata 925 com Banho Ouro Rose e, s\u00edmbolo de avi\u00e3o.<\/p>\n<p>Design delicado que representa liberdade, movimento e novos caminhos.<\/p>\n<p>Uma joia vers\u00e1til e cheia de significado, ideal para o dia a dia.<\/p>","protected":false},"excerpt":{"rendered":"<p>Prata 925 com Banho de Ouro Rose. Pedras: Zirc\u00f4nia Cristal. Anel Ajust\u00e1vel. Anel ajust\u00e1vel em Prata 925 com Banho Ouro Rose e, s\u00edmbolo de avi\u00e3o. Design delicado que representa liberdade, movimento e novos caminhos. Uma joia vers\u00e1til e cheia de significado, ideal para o dia a dia.<\/p>","protected":false},"featured_media":4754,"template":"","meta":[],"product_brand":[],"product_cat":[20,60,23],"product_tag":[],"class_list":{"0":"post-4812","1":"product","2":"type-product","3":"status-publish","4":"has-post-thumbnail","6":"product_cat-aneis","7":"product_cat-aneis-ajustaveis","8":"product_cat-prata-925-com-banho-ouro-rose","10":"first","11":"instock","12":"shipping-taxable","13":"purchasable","14":"product-type-simple"},"_links":{"self":[{"href":"https:\/\/novalavie.daracaroline.com.br\/en\/wp-json\/wp\/v2\/product\/4812","targetHints":{"allow":["GET"]}}],"collection":[{"href":"https:\/\/novalavie.daracaroline.com.br\/en\/wp-json\/wp\/v2\/product"}],"about":[{"href":"https:\/\/novalavie.daracaroline.com.br\/en\/wp-json\/wp\/v2\/types\/product"}],"version-history":[{"count":0,"href":"https:\/\/novalavie.daracaroline.com.br\/en\/wp-json\/wp\/v2\/product\/4812\/revisions"}],"wp:featuredmedia":[{"embeddable":true,"href":"https:\/\/novalavie.daracaroline.com.br\/en\/wp-json\/wp\/v2\/media\/4754"}],"wp:attachment":[{"href":"https:\/\/novalavie.daracaroline.com.br\/en\/wp-json\/wp\/v2\/media?parent=4812"}],"wp:term":[{"taxonomy":"product_brand","embeddable":true,"href":"https:\/\/novalavie.daracaroline.com.br\/en\/wp-json\/wp\/v2\/product_brand?post=4812"},{"taxonomy":"product_cat","embeddable":true,"href":"https:\/\/novalavie.daracaroline.com.br\/en\/wp-json\/wp\/v2\/product_cat?post=4812"},{"taxonomy":"product_tag","embeddable":true,"href":"https:\/\/novalavie.daracaroline.com.br\/en\/wp-json\/wp\/v2\/product_tag?post=4812"}],"curies":[{"name":"wp","href":"https:\/\/api.w.org\/{rel}","templated":true}]}}