{"id":4805,"date":"2025-11-17T02:18:09","date_gmt":"2025-11-17T02:18:09","guid":{"rendered":"https:\/\/novalavie.daracaroline.com.br\/?post_type=product&#038;p=4805"},"modified":"2026-02-01T21:57:52","modified_gmt":"2026-02-01T21:57:52","slug":"anel-elba-ouro","status":"publish","type":"product","link":"https:\/\/novalavie.daracaroline.com.br\/en\/product\/anel-elba-ouro\/","title":{"rendered":"Anel Elba Ouro"},"content":{"rendered":"<p>Prata 925 com Banho de Ouro 18K<br \/>\nPedras Zirc\u00f4nias cor: cristal.<br \/>\nTamanho Dispon\u00edvel por encomenda \u2013 descri\u00e7\u00e3o do n\u00famero ao efetuar o pagamento.<\/p>","protected":false},"excerpt":{"rendered":"<p>Prata 925 com Banho de Ouro 18K Pedras Zirc\u00f4nias cor: cristal. Tamanho Dispon\u00edvel por encomenda \u2013 descri\u00e7\u00e3o do n\u00famero ao efetuar o pagamento.<\/p>","protected":false},"featured_media":4730,"template":"","meta":[],"product_brand":[],"product_cat":[20,22],"product_tag":[],"class_list":{"0":"post-4805","1":"product","2":"type-product","3":"status-publish","4":"has-post-thumbnail","6":"product_cat-aneis","7":"product_cat-prata-925-com-banho-ouro-18k","9":"first","10":"instock","11":"shipping-taxable","12":"purchasable","13":"product-type-simple"},"_links":{"self":[{"href":"https:\/\/novalavie.daracaroline.com.br\/en\/wp-json\/wp\/v2\/product\/4805","targetHints":{"allow":["GET"]}}],"collection":[{"href":"https:\/\/novalavie.daracaroline.com.br\/en\/wp-json\/wp\/v2\/product"}],"about":[{"href":"https:\/\/novalavie.daracaroline.com.br\/en\/wp-json\/wp\/v2\/types\/product"}],"version-history":[{"count":0,"href":"https:\/\/novalavie.daracaroline.com.br\/en\/wp-json\/wp\/v2\/product\/4805\/revisions"}],"wp:featuredmedia":[{"embeddable":true,"href":"https:\/\/novalavie.daracaroline.com.br\/en\/wp-json\/wp\/v2\/media\/4730"}],"wp:attachment":[{"href":"https:\/\/novalavie.daracaroline.com.br\/en\/wp-json\/wp\/v2\/media?parent=4805"}],"wp:term":[{"taxonomy":"product_brand","embeddable":true,"href":"https:\/\/novalavie.daracaroline.com.br\/en\/wp-json\/wp\/v2\/product_brand?post=4805"},{"taxonomy":"product_cat","embeddable":true,"href":"https:\/\/novalavie.daracaroline.com.br\/en\/wp-json\/wp\/v2\/product_cat?post=4805"},{"taxonomy":"product_tag","embeddable":true,"href":"https:\/\/novalavie.daracaroline.com.br\/en\/wp-json\/wp\/v2\/product_tag?post=4805"}],"curies":[{"name":"wp","href":"https:\/\/api.w.org\/{rel}","templated":true}]}}