{"id":4795,"date":"2025-11-17T01:58:51","date_gmt":"2025-11-17T01:58:51","guid":{"rendered":"https:\/\/novalavie.daracaroline.com.br\/?post_type=product&#038;p=4795"},"modified":"2026-02-18T18:57:03","modified_gmt":"2026-02-18T18:57:03","slug":"anel-ayme-ouro","status":"publish","type":"product","link":"https:\/\/novalavie.daracaroline.com.br\/en\/product\/anel-ayme-ouro\/","title":{"rendered":"Anel Ayme Ouro"},"content":{"rendered":"<p>Prata 925 com Banho Ouro 18K<br \/>\nPedras Zirc\u00f4nias cor: cristal.<br \/>\nTamanho Dispon\u00edvel por encomenda \u2013 descri\u00e7\u00e3o do n\u00famero ao efetuar o pagamento.<\/p>","protected":false},"excerpt":{"rendered":"<p>Prata 925 com Banho Ouro 18K Pedras Zirc\u00f4nias cor: cristal. Tamanho Dispon\u00edvel por encomenda \u2013 descri\u00e7\u00e3o do n\u00famero ao efetuar o pagamento.<\/p>","protected":false},"featured_media":4708,"template":"","meta":[],"product_brand":[],"product_cat":[20,22],"product_tag":[],"class_list":{"0":"post-4795","1":"product","2":"type-product","3":"status-publish","4":"has-post-thumbnail","6":"product_cat-aneis","7":"product_cat-prata-925-com-banho-ouro-18k","9":"first","10":"instock","11":"shipping-taxable","12":"purchasable","13":"product-type-simple"},"_links":{"self":[{"href":"https:\/\/novalavie.daracaroline.com.br\/en\/wp-json\/wp\/v2\/product\/4795","targetHints":{"allow":["GET"]}}],"collection":[{"href":"https:\/\/novalavie.daracaroline.com.br\/en\/wp-json\/wp\/v2\/product"}],"about":[{"href":"https:\/\/novalavie.daracaroline.com.br\/en\/wp-json\/wp\/v2\/types\/product"}],"version-history":[{"count":0,"href":"https:\/\/novalavie.daracaroline.com.br\/en\/wp-json\/wp\/v2\/product\/4795\/revisions"}],"wp:featuredmedia":[{"embeddable":true,"href":"https:\/\/novalavie.daracaroline.com.br\/en\/wp-json\/wp\/v2\/media\/4708"}],"wp:attachment":[{"href":"https:\/\/novalavie.daracaroline.com.br\/en\/wp-json\/wp\/v2\/media?parent=4795"}],"wp:term":[{"taxonomy":"product_brand","embeddable":true,"href":"https:\/\/novalavie.daracaroline.com.br\/en\/wp-json\/wp\/v2\/product_brand?post=4795"},{"taxonomy":"product_cat","embeddable":true,"href":"https:\/\/novalavie.daracaroline.com.br\/en\/wp-json\/wp\/v2\/product_cat?post=4795"},{"taxonomy":"product_tag","embeddable":true,"href":"https:\/\/novalavie.daracaroline.com.br\/en\/wp-json\/wp\/v2\/product_tag?post=4795"}],"curies":[{"name":"wp","href":"https:\/\/api.w.org\/{rel}","templated":true}]}}