{"id":4788,"date":"2025-11-17T01:51:11","date_gmt":"2025-11-17T01:51:11","guid":{"rendered":"https:\/\/novalavie.daracaroline.com.br\/?post_type=product&#038;p=4788"},"modified":"2026-02-18T19:12:21","modified_gmt":"2026-02-18T19:12:21","slug":"anel-hana-ouro","status":"publish","type":"product","link":"https:\/\/novalavie.daracaroline.com.br\/en\/product\/anel-hana-ouro\/","title":{"rendered":"Anel Hana Ouro"},"content":{"rendered":"<p>Prata 925 com Banho Ouro 18K.<br \/>\nPedras Zirc\u00f4nias cor: cristal.<br \/>\nTamanho Dispon\u00edvel por encomenda \u2013 descri\u00e7\u00e3o do n\u00famero ao efetuar o pagamento.<\/p>\n<p>Anel em Prata 925 e banho de Ouro 18K, com delicado cora\u00e7\u00e3o central e pedrarias nas laterais que trazem brilho na medida certa. Um modelo rom\u00e2ntico e elegante, perfeito para simbolizar amor e sofistica\u00e7\u00e3o no dia a dia.<\/p>","protected":false},"excerpt":{"rendered":"<p>Prata 925 com Banho Ouro 18K. Pedras Zirc\u00f4nias cor: cristal. Tamanho Dispon\u00edvel por encomenda \u2013 descri\u00e7\u00e3o do n\u00famero ao efetuar o pagamento. Anel em Prata 925 e banho de Ouro 18K, com delicado cora\u00e7\u00e3o central e pedrarias nas laterais que trazem brilho na medida certa. Um modelo rom\u00e2ntico e elegante, perfeito para simbolizar amor e [&hellip;]<\/p>\n","protected":false},"featured_media":4705,"template":"","meta":[],"product_brand":[],"product_cat":[20,22],"product_tag":[],"class_list":{"0":"post-4788","1":"product","2":"type-product","3":"status-publish","4":"has-post-thumbnail","6":"product_cat-aneis","7":"product_cat-prata-925-com-banho-ouro-18k","9":"first","10":"instock","11":"shipping-taxable","12":"purchasable","13":"product-type-simple"},"_links":{"self":[{"href":"https:\/\/novalavie.daracaroline.com.br\/en\/wp-json\/wp\/v2\/product\/4788","targetHints":{"allow":["GET"]}}],"collection":[{"href":"https:\/\/novalavie.daracaroline.com.br\/en\/wp-json\/wp\/v2\/product"}],"about":[{"href":"https:\/\/novalavie.daracaroline.com.br\/en\/wp-json\/wp\/v2\/types\/product"}],"version-history":[{"count":0,"href":"https:\/\/novalavie.daracaroline.com.br\/en\/wp-json\/wp\/v2\/product\/4788\/revisions"}],"wp:featuredmedia":[{"embeddable":true,"href":"https:\/\/novalavie.daracaroline.com.br\/en\/wp-json\/wp\/v2\/media\/4705"}],"wp:attachment":[{"href":"https:\/\/novalavie.daracaroline.com.br\/en\/wp-json\/wp\/v2\/media?parent=4788"}],"wp:term":[{"taxonomy":"product_brand","embeddable":true,"href":"https:\/\/novalavie.daracaroline.com.br\/en\/wp-json\/wp\/v2\/product_brand?post=4788"},{"taxonomy":"product_cat","embeddable":true,"href":"https:\/\/novalavie.daracaroline.com.br\/en\/wp-json\/wp\/v2\/product_cat?post=4788"},{"taxonomy":"product_tag","embeddable":true,"href":"https:\/\/novalavie.daracaroline.com.br\/en\/wp-json\/wp\/v2\/product_tag?post=4788"}],"curies":[{"name":"wp","href":"https:\/\/api.w.org\/{rel}","templated":true}]}}