{"id":4676,"date":"2025-11-04T23:09:11","date_gmt":"2025-11-04T23:09:11","guid":{"rendered":"https:\/\/novalavie.daracaroline.com.br\/?post_type=product&#038;p=4676"},"modified":"2026-02-04T13:25:19","modified_gmt":"2026-02-04T13:25:19","slug":"anel-trevo-rose","status":"publish","type":"product","link":"https:\/\/novalavie.daracaroline.com.br\/en\/product\/anel-trevo-rose\/","title":{"rendered":"Anel Trevo Rose"},"content":{"rendered":"<p>Prata 925 com Banho de Ouro Rose.<br \/>\nPedras: Zirc\u00f4nia Verde.<br \/>\nAnel Ajust\u00e1vel.<\/p>\n<p>Prata 925 com Banho de Ouro 18K.<br \/>\nPedras: Zirc\u00f4nia Verde.<br \/>\nAnel Ajust\u00e1vel.<\/p>\n<p>Anel ajust\u00e1vel em Prata 925 com Banho Rose, e s\u00edmbolo de trevo e a palavra \u201clucky\u201d gravada.<\/p>\n<p>Representa sorte e prote\u00e7\u00e3o, com design delicado e cheio de significado.<\/p>\n<p>Uma joia vers\u00e1til, perfeita para uso di\u00e1rio ou para presentear.<\/p>","protected":false},"excerpt":{"rendered":"<p>Prata 925 com Banho de Ouro Rose. Pedras: Zirc\u00f4nia Verde. Anel Ajust\u00e1vel. Prata 925 com Banho de Ouro 18K. Pedras: Zirc\u00f4nia Verde. Anel Ajust\u00e1vel. Anel ajust\u00e1vel em Prata 925 com Banho Rose, e s\u00edmbolo de trevo e a palavra \u201clucky\u201d gravada. Representa sorte e prote\u00e7\u00e3o, com design delicado e cheio de significado. Uma joia vers\u00e1til, [&hellip;]<\/p>\n","protected":false},"featured_media":4672,"template":"","meta":[],"product_brand":[],"product_cat":[20,60,23],"product_tag":[],"class_list":{"0":"post-4676","1":"product","2":"type-product","3":"status-publish","4":"has-post-thumbnail","6":"product_cat-aneis","7":"product_cat-aneis-ajustaveis","8":"product_cat-prata-925-com-banho-ouro-rose","10":"first","11":"instock","12":"shipping-taxable","13":"purchasable","14":"product-type-simple"},"_links":{"self":[{"href":"https:\/\/novalavie.daracaroline.com.br\/en\/wp-json\/wp\/v2\/product\/4676","targetHints":{"allow":["GET"]}}],"collection":[{"href":"https:\/\/novalavie.daracaroline.com.br\/en\/wp-json\/wp\/v2\/product"}],"about":[{"href":"https:\/\/novalavie.daracaroline.com.br\/en\/wp-json\/wp\/v2\/types\/product"}],"version-history":[{"count":0,"href":"https:\/\/novalavie.daracaroline.com.br\/en\/wp-json\/wp\/v2\/product\/4676\/revisions"}],"wp:featuredmedia":[{"embeddable":true,"href":"https:\/\/novalavie.daracaroline.com.br\/en\/wp-json\/wp\/v2\/media\/4672"}],"wp:attachment":[{"href":"https:\/\/novalavie.daracaroline.com.br\/en\/wp-json\/wp\/v2\/media?parent=4676"}],"wp:term":[{"taxonomy":"product_brand","embeddable":true,"href":"https:\/\/novalavie.daracaroline.com.br\/en\/wp-json\/wp\/v2\/product_brand?post=4676"},{"taxonomy":"product_cat","embeddable":true,"href":"https:\/\/novalavie.daracaroline.com.br\/en\/wp-json\/wp\/v2\/product_cat?post=4676"},{"taxonomy":"product_tag","embeddable":true,"href":"https:\/\/novalavie.daracaroline.com.br\/en\/wp-json\/wp\/v2\/product_tag?post=4676"}],"curies":[{"name":"wp","href":"https:\/\/api.w.org\/{rel}","templated":true}]}}