{"id":4592,"date":"2025-10-18T16:18:36","date_gmt":"2025-10-18T16:18:36","guid":{"rendered":"https:\/\/novalavie.daracaroline.com.br\/?post_type=product&#038;p=4592"},"modified":"2025-10-18T16:18:36","modified_gmt":"2025-10-18T16:18:36","slug":"brinco-lisbon-prata","status":"publish","type":"product","link":"https:\/\/novalavie.daracaroline.com.br\/en\/product\/brinco-lisbon-prata\/","title":{"rendered":"Brinco Lisbon Prata"},"content":{"rendered":"<p>Prata 925.<br \/>\nPedra em Zirc\u00f4nia Cristal e Azul.<br \/>\nSistema do Fecho: Encaixe.<br \/>\nComprimento total: 2.2 cm.<br \/>\nTamanho do cora\u00e7\u00e3o: 0.8 cm X 0.7 cm<\/p>","protected":false},"excerpt":{"rendered":"<p>Prata 925. Pedra em Zirc\u00f4nia Cristal e Azul. Sistema do Fecho: Encaixe. Comprimento total: 2.2 cm. Tamanho do cora\u00e7\u00e3o: 0.8 cm X 0.7 cm<\/p>","protected":false},"featured_media":4528,"template":"","meta":[],"product_brand":[],"product_cat":[24,26],"product_tag":[],"class_list":{"0":"post-4592","1":"product","2":"type-product","3":"status-publish","4":"has-post-thumbnail","6":"product_cat-brincos","7":"product_cat-prata-925-brincos","9":"first","10":"instock","11":"shipping-taxable","12":"purchasable","13":"product-type-simple"},"_links":{"self":[{"href":"https:\/\/novalavie.daracaroline.com.br\/en\/wp-json\/wp\/v2\/product\/4592","targetHints":{"allow":["GET"]}}],"collection":[{"href":"https:\/\/novalavie.daracaroline.com.br\/en\/wp-json\/wp\/v2\/product"}],"about":[{"href":"https:\/\/novalavie.daracaroline.com.br\/en\/wp-json\/wp\/v2\/types\/product"}],"version-history":[{"count":0,"href":"https:\/\/novalavie.daracaroline.com.br\/en\/wp-json\/wp\/v2\/product\/4592\/revisions"}],"wp:featuredmedia":[{"embeddable":true,"href":"https:\/\/novalavie.daracaroline.com.br\/en\/wp-json\/wp\/v2\/media\/4528"}],"wp:attachment":[{"href":"https:\/\/novalavie.daracaroline.com.br\/en\/wp-json\/wp\/v2\/media?parent=4592"}],"wp:term":[{"taxonomy":"product_brand","embeddable":true,"href":"https:\/\/novalavie.daracaroline.com.br\/en\/wp-json\/wp\/v2\/product_brand?post=4592"},{"taxonomy":"product_cat","embeddable":true,"href":"https:\/\/novalavie.daracaroline.com.br\/en\/wp-json\/wp\/v2\/product_cat?post=4592"},{"taxonomy":"product_tag","embeddable":true,"href":"https:\/\/novalavie.daracaroline.com.br\/en\/wp-json\/wp\/v2\/product_tag?post=4592"}],"curies":[{"name":"wp","href":"https:\/\/api.w.org\/{rel}","templated":true}]}}