{"id":4492,"date":"2025-10-07T22:18:21","date_gmt":"2025-10-07T22:18:21","guid":{"rendered":"https:\/\/novalavie.daracaroline.com.br\/?post_type=product&#038;p=4492"},"modified":"2025-10-07T22:18:21","modified_gmt":"2025-10-07T22:18:21","slug":"colar-heart-blue-prata","status":"publish","type":"product","link":"https:\/\/novalavie.daracaroline.com.br\/en\/product\/colar-heart-blue-prata\/","title":{"rendered":"Colar Heart Blue Prata"},"content":{"rendered":"<p>Prata 925.<br \/>\nPedra em Zirc\u00f4nia Cor Azul.<br \/>\nTamanho Pingente Cora\u00e7\u00e3o: 6.0 mm.<br \/>\nTamanho da corrente: 40 cm.<\/p>","protected":false},"excerpt":{"rendered":"<p>Prata 925. Pedra em Zirc\u00f4nia Cor Azul. Tamanho Pingente Cora\u00e7\u00e3o: 6.0 mm. Tamanho da corrente: 40 cm.<\/p>","protected":false},"featured_media":4400,"template":"","meta":[],"product_brand":[],"product_cat":[28,29],"product_tag":[],"class_list":{"0":"post-4492","1":"product","2":"type-product","3":"status-publish","4":"has-post-thumbnail","6":"product_cat-colares","7":"product_cat-prata-925-colares","9":"first","10":"instock","11":"shipping-taxable","12":"purchasable","13":"product-type-simple"},"_links":{"self":[{"href":"https:\/\/novalavie.daracaroline.com.br\/en\/wp-json\/wp\/v2\/product\/4492","targetHints":{"allow":["GET"]}}],"collection":[{"href":"https:\/\/novalavie.daracaroline.com.br\/en\/wp-json\/wp\/v2\/product"}],"about":[{"href":"https:\/\/novalavie.daracaroline.com.br\/en\/wp-json\/wp\/v2\/types\/product"}],"version-history":[{"count":0,"href":"https:\/\/novalavie.daracaroline.com.br\/en\/wp-json\/wp\/v2\/product\/4492\/revisions"}],"wp:featuredmedia":[{"embeddable":true,"href":"https:\/\/novalavie.daracaroline.com.br\/en\/wp-json\/wp\/v2\/media\/4400"}],"wp:attachment":[{"href":"https:\/\/novalavie.daracaroline.com.br\/en\/wp-json\/wp\/v2\/media?parent=4492"}],"wp:term":[{"taxonomy":"product_brand","embeddable":true,"href":"https:\/\/novalavie.daracaroline.com.br\/en\/wp-json\/wp\/v2\/product_brand?post=4492"},{"taxonomy":"product_cat","embeddable":true,"href":"https:\/\/novalavie.daracaroline.com.br\/en\/wp-json\/wp\/v2\/product_cat?post=4492"},{"taxonomy":"product_tag","embeddable":true,"href":"https:\/\/novalavie.daracaroline.com.br\/en\/wp-json\/wp\/v2\/product_tag?post=4492"}],"curies":[{"name":"wp","href":"https:\/\/api.w.org\/{rel}","templated":true}]}}