{"id":3969,"date":"2025-08-19T15:04:52","date_gmt":"2025-08-19T15:04:52","guid":{"rendered":"https:\/\/novalavie.daracaroline.com.br\/?post_type=product&#038;p=3969"},"modified":"2026-02-04T16:08:34","modified_gmt":"2026-02-04T16:08:34","slug":"anel-lili-prata","status":"publish","type":"product","link":"https:\/\/novalavie.daracaroline.com.br\/en\/product\/anel-lili-prata\/","title":{"rendered":"Anel Lili Prata"},"content":{"rendered":"<p>Prata 925 com Banho de R\u00f3dio.<br \/>\nPedras: Zirc\u00f4nia Cristal.<br \/>\nInformar tamanho ao efetuar a compra.<br \/>\nTODOS os tamanhos dispon\u00edveis.<\/p>\n<p>Anel em Prata 925 com zirc\u00f4nia em formato de cora\u00e7\u00e3o, medindo 0,6 cm.<\/p>\n<p>Design delicado e rom\u00e2ntico, com brilho elegante.<\/p>\n<p>Uma joia vers\u00e1til, perfeita para presentear ou usar no dia a dia.<span class=\"Apple-converted-space\">\u00a0<\/span><\/p>","protected":false},"excerpt":{"rendered":"<p>Prata 925 com Banho de R\u00f3dio. Pedras: Zirc\u00f4nia Cristal. Informar tamanho ao efetuar a compra. TODOS os tamanhos dispon\u00edveis. Anel em Prata 925 com zirc\u00f4nia em formato de cora\u00e7\u00e3o, medindo 0,6 cm. Design delicado e rom\u00e2ntico, com brilho elegante. Uma joia vers\u00e1til, perfeita para presentear ou usar no dia a dia.\u00a0<\/p>","protected":false},"featured_media":3873,"template":"","meta":[],"product_brand":[],"product_cat":[20,21],"product_tag":[],"class_list":{"0":"post-3969","1":"product","2":"type-product","3":"status-publish","4":"has-post-thumbnail","6":"product_cat-aneis","7":"product_cat-prata-925","9":"first","10":"onbackorder","11":"shipping-taxable","12":"purchasable","13":"product-type-simple"},"_links":{"self":[{"href":"https:\/\/novalavie.daracaroline.com.br\/en\/wp-json\/wp\/v2\/product\/3969","targetHints":{"allow":["GET"]}}],"collection":[{"href":"https:\/\/novalavie.daracaroline.com.br\/en\/wp-json\/wp\/v2\/product"}],"about":[{"href":"https:\/\/novalavie.daracaroline.com.br\/en\/wp-json\/wp\/v2\/types\/product"}],"version-history":[{"count":0,"href":"https:\/\/novalavie.daracaroline.com.br\/en\/wp-json\/wp\/v2\/product\/3969\/revisions"}],"wp:featuredmedia":[{"embeddable":true,"href":"https:\/\/novalavie.daracaroline.com.br\/en\/wp-json\/wp\/v2\/media\/3873"}],"wp:attachment":[{"href":"https:\/\/novalavie.daracaroline.com.br\/en\/wp-json\/wp\/v2\/media?parent=3969"}],"wp:term":[{"taxonomy":"product_brand","embeddable":true,"href":"https:\/\/novalavie.daracaroline.com.br\/en\/wp-json\/wp\/v2\/product_brand?post=3969"},{"taxonomy":"product_cat","embeddable":true,"href":"https:\/\/novalavie.daracaroline.com.br\/en\/wp-json\/wp\/v2\/product_cat?post=3969"},{"taxonomy":"product_tag","embeddable":true,"href":"https:\/\/novalavie.daracaroline.com.br\/en\/wp-json\/wp\/v2\/product_tag?post=3969"}],"curies":[{"name":"wp","href":"https:\/\/api.w.org\/{rel}","templated":true}]}}