{"id":3757,"date":"2024-12-02T22:57:32","date_gmt":"2024-12-02T22:57:32","guid":{"rendered":"https:\/\/novalavie.daracaroline.com.br\/?post_type=product&#038;p=3757"},"modified":"2026-02-04T13:30:42","modified_gmt":"2026-02-04T13:30:42","slug":"anel-multi-perola-prata","status":"publish","type":"product","link":"https:\/\/novalavie.daracaroline.com.br\/en\/product\/anel-multi-perola-prata\/","title":{"rendered":"Anel Multi P\u00e9rola Prata"},"content":{"rendered":"<p>Prata 925.<br \/>\nP\u00e9rolas Sint\u00e9ticas.<br \/>\nTamanho Dispon\u00edvel: TODOS informar ao efetuar a compra.<\/p>\n<p>Anel em Prata 925 com mini p\u00e9rolas, delicado e sofisticado.<\/p>\n<p>Design leve e elegante, que valoriza os detalhes.<\/p>\n<p>Uma joia atemporal e vers\u00e1til, perfeita para composi\u00e7\u00f5es delicadas.<\/p>","protected":false},"excerpt":{"rendered":"<p>Prata 925. P\u00e9rolas Sint\u00e9ticas. Tamanho Dispon\u00edvel: TODOS informar ao efetuar a compra. Anel em Prata 925 com mini p\u00e9rolas, delicado e sofisticado. Design leve e elegante, que valoriza os detalhes. Uma joia atemporal e vers\u00e1til, perfeita para composi\u00e7\u00f5es delicadas.<\/p>","protected":false},"featured_media":3747,"template":"","meta":[],"product_brand":[],"product_cat":[20,21],"product_tag":[],"class_list":{"0":"post-3757","1":"product","2":"type-product","3":"status-publish","4":"has-post-thumbnail","6":"product_cat-aneis","7":"product_cat-prata-925","9":"first","10":"onbackorder","11":"shipping-taxable","12":"purchasable","13":"product-type-simple"},"_links":{"self":[{"href":"https:\/\/novalavie.daracaroline.com.br\/en\/wp-json\/wp\/v2\/product\/3757","targetHints":{"allow":["GET"]}}],"collection":[{"href":"https:\/\/novalavie.daracaroline.com.br\/en\/wp-json\/wp\/v2\/product"}],"about":[{"href":"https:\/\/novalavie.daracaroline.com.br\/en\/wp-json\/wp\/v2\/types\/product"}],"version-history":[{"count":0,"href":"https:\/\/novalavie.daracaroline.com.br\/en\/wp-json\/wp\/v2\/product\/3757\/revisions"}],"wp:featuredmedia":[{"embeddable":true,"href":"https:\/\/novalavie.daracaroline.com.br\/en\/wp-json\/wp\/v2\/media\/3747"}],"wp:attachment":[{"href":"https:\/\/novalavie.daracaroline.com.br\/en\/wp-json\/wp\/v2\/media?parent=3757"}],"wp:term":[{"taxonomy":"product_brand","embeddable":true,"href":"https:\/\/novalavie.daracaroline.com.br\/en\/wp-json\/wp\/v2\/product_brand?post=3757"},{"taxonomy":"product_cat","embeddable":true,"href":"https:\/\/novalavie.daracaroline.com.br\/en\/wp-json\/wp\/v2\/product_cat?post=3757"},{"taxonomy":"product_tag","embeddable":true,"href":"https:\/\/novalavie.daracaroline.com.br\/en\/wp-json\/wp\/v2\/product_tag?post=3757"}],"curies":[{"name":"wp","href":"https:\/\/api.w.org\/{rel}","templated":true}]}}