{"id":3595,"date":"2024-11-30T13:10:14","date_gmt":"2024-11-30T13:10:14","guid":{"rendered":"https:\/\/novalavie.daracaroline.com.br\/?post_type=product&#038;p=3595"},"modified":"2026-02-04T15:08:01","modified_gmt":"2026-02-04T15:08:01","slug":"anel-gota-cristal-prata","status":"publish","type":"product","link":"https:\/\/novalavie.daracaroline.com.br\/en\/product\/anel-gota-cristal-prata\/","title":{"rendered":"Anel Gota Cristal Prata"},"content":{"rendered":"<p>Prata 925<br \/>\nPedras: Zirc\u00f4nia Cristal.<br \/>\nInformar tamanho ao efetuar a compra.<br \/>\nTODOS os tamanhos dispon\u00edveis.<\/p>\n<p>Anel em Prata 925, com ponto de luz gota central.<\/p>\n<p>Ideal para usar como meia alian\u00e7a ou em composi\u00e7\u00f5es de an\u00e9is.<\/p>\n<p>Uma joia vers\u00e1til e elegante, que combina com tudo.<span class=\"Apple-converted-space\">\u00a0<\/span><\/p>","protected":false},"excerpt":{"rendered":"<p>Prata 925 Pedras: Zirc\u00f4nia Cristal. Informar tamanho ao efetuar a compra. TODOS os tamanhos dispon\u00edveis. Anel em Prata 925, com ponto de luz gota central. Ideal para usar como meia alian\u00e7a ou em composi\u00e7\u00f5es de an\u00e9is. Uma joia vers\u00e1til e elegante, que combina com tudo.\u00a0<\/p>","protected":false},"featured_media":3609,"template":"","meta":[],"product_brand":[],"product_cat":[20,21],"product_tag":[],"class_list":{"0":"post-3595","1":"product","2":"type-product","3":"status-publish","4":"has-post-thumbnail","6":"product_cat-aneis","7":"product_cat-prata-925","9":"first","10":"onbackorder","11":"shipping-taxable","12":"purchasable","13":"product-type-simple"},"_links":{"self":[{"href":"https:\/\/novalavie.daracaroline.com.br\/en\/wp-json\/wp\/v2\/product\/3595","targetHints":{"allow":["GET"]}}],"collection":[{"href":"https:\/\/novalavie.daracaroline.com.br\/en\/wp-json\/wp\/v2\/product"}],"about":[{"href":"https:\/\/novalavie.daracaroline.com.br\/en\/wp-json\/wp\/v2\/types\/product"}],"version-history":[{"count":0,"href":"https:\/\/novalavie.daracaroline.com.br\/en\/wp-json\/wp\/v2\/product\/3595\/revisions"}],"wp:featuredmedia":[{"embeddable":true,"href":"https:\/\/novalavie.daracaroline.com.br\/en\/wp-json\/wp\/v2\/media\/3609"}],"wp:attachment":[{"href":"https:\/\/novalavie.daracaroline.com.br\/en\/wp-json\/wp\/v2\/media?parent=3595"}],"wp:term":[{"taxonomy":"product_brand","embeddable":true,"href":"https:\/\/novalavie.daracaroline.com.br\/en\/wp-json\/wp\/v2\/product_brand?post=3595"},{"taxonomy":"product_cat","embeddable":true,"href":"https:\/\/novalavie.daracaroline.com.br\/en\/wp-json\/wp\/v2\/product_cat?post=3595"},{"taxonomy":"product_tag","embeddable":true,"href":"https:\/\/novalavie.daracaroline.com.br\/en\/wp-json\/wp\/v2\/product_tag?post=3595"}],"curies":[{"name":"wp","href":"https:\/\/api.w.org\/{rel}","templated":true}]}}