{"id":3526,"date":"2024-11-26T01:37:45","date_gmt":"2024-11-26T01:37:45","guid":{"rendered":"https:\/\/novalavie.daracaroline.com.br\/?post_type=product&#038;p=3526"},"modified":"2026-02-04T13:16:00","modified_gmt":"2026-02-04T13:16:00","slug":"anel-jade-prata","status":"publish","type":"product","link":"https:\/\/novalavie.daracaroline.com.br\/en\/product\/anel-jade-prata\/","title":{"rendered":"Anel Jade Prata"},"content":{"rendered":"<p>Prata 925.<br \/>\nPedras Zirc\u00f4nias cor: azul, rosa, roxo e verde.<br \/>\nTamanho Dispon\u00edvel: TODOS informar ao efetuar a compra.<\/p>\n<p>Anel em Prata 925, sofisticado e delicado.<\/p>\n<p>Possui zirc\u00f4nias coloridas, que simulam uma coroa, ideal para complementar seu look, trazendo eleg\u00e2ncia ao design.<\/p>\n<p>Uma joia atemporal, ideal para iluminar qualquer produ\u00e7\u00e3o.<span class=\"Apple-converted-space\">\u00a0<\/span><\/p>","protected":false},"excerpt":{"rendered":"<p>Prata 925. Pedras Zirc\u00f4nias cor: azul, rosa, roxo e verde. Tamanho Dispon\u00edvel: TODOS informar ao efetuar a compra. Anel em Prata 925, sofisticado e delicado. Possui zirc\u00f4nias coloridas, que simulam uma coroa, ideal para complementar seu look, trazendo eleg\u00e2ncia ao design. Uma joia atemporal, ideal para iluminar qualquer produ\u00e7\u00e3o.\u00a0<\/p>","protected":false},"featured_media":3515,"template":"","meta":[],"product_brand":[],"product_cat":[20,21],"product_tag":[],"class_list":{"0":"post-3526","1":"product","2":"type-product","3":"status-publish","4":"has-post-thumbnail","6":"product_cat-aneis","7":"product_cat-prata-925","9":"first","10":"onbackorder","11":"shipping-taxable","12":"purchasable","13":"product-type-simple"},"_links":{"self":[{"href":"https:\/\/novalavie.daracaroline.com.br\/en\/wp-json\/wp\/v2\/product\/3526","targetHints":{"allow":["GET"]}}],"collection":[{"href":"https:\/\/novalavie.daracaroline.com.br\/en\/wp-json\/wp\/v2\/product"}],"about":[{"href":"https:\/\/novalavie.daracaroline.com.br\/en\/wp-json\/wp\/v2\/types\/product"}],"version-history":[{"count":0,"href":"https:\/\/novalavie.daracaroline.com.br\/en\/wp-json\/wp\/v2\/product\/3526\/revisions"}],"wp:featuredmedia":[{"embeddable":true,"href":"https:\/\/novalavie.daracaroline.com.br\/en\/wp-json\/wp\/v2\/media\/3515"}],"wp:attachment":[{"href":"https:\/\/novalavie.daracaroline.com.br\/en\/wp-json\/wp\/v2\/media?parent=3526"}],"wp:term":[{"taxonomy":"product_brand","embeddable":true,"href":"https:\/\/novalavie.daracaroline.com.br\/en\/wp-json\/wp\/v2\/product_brand?post=3526"},{"taxonomy":"product_cat","embeddable":true,"href":"https:\/\/novalavie.daracaroline.com.br\/en\/wp-json\/wp\/v2\/product_cat?post=3526"},{"taxonomy":"product_tag","embeddable":true,"href":"https:\/\/novalavie.daracaroline.com.br\/en\/wp-json\/wp\/v2\/product_tag?post=3526"}],"curies":[{"name":"wp","href":"https:\/\/api.w.org\/{rel}","templated":true}]}}