{"id":351,"date":"2022-10-08T03:28:21","date_gmt":"2022-10-08T03:28:21","guid":{"rendered":"https:\/\/novalavie.daracaroline.com.br\/?post_type=product&#038;p=351"},"modified":"2026-02-18T19:06:43","modified_gmt":"2026-02-18T19:06:43","slug":"anel-kally-prata","status":"publish","type":"product","link":"https:\/\/novalavie.daracaroline.com.br\/en\/product\/anel-kally-prata\/","title":{"rendered":"Anel Kally Prata"},"content":{"rendered":"<p>Prata 925<br \/>\n<span style=\"font-size: 16px; -webkit-text-size-adjust: 100%;\">Pedras de Zirc\u00f4nia Azul e Cristal.<br \/>\n<\/span><span style=\"font-size: 16px; -webkit-text-size-adjust: 100%;\">Tamanho: Ajust\u00e1vel ao dedo<\/span><\/p>\n<p>Anel em prata 925, inspirado no s\u00edmbolo do olho grego, cravejado com zirc\u00f4nias que real\u00e7am o brilho e a delicadeza da pe\u00e7a.<\/p>\n<p>Uma joia moderna e cheia de significado, associada \u00e0 prote\u00e7\u00e3o e boas energias.<\/p>\n<p>\ud83d\udc9b Perfeito para quem ama acess\u00f3rios elegantes com um toque de estilo e simbolismo.<\/p>","protected":false},"excerpt":{"rendered":"<p>Prata 925 Pedras de Zirc\u00f4nia Azul e Cristal. Tamanho: Ajust\u00e1vel ao dedo Anel em prata 925, inspirado no s\u00edmbolo do olho grego, cravejado com zirc\u00f4nias que real\u00e7am o brilho e a delicadeza da pe\u00e7a. Uma joia moderna e cheia de significado, associada \u00e0 prote\u00e7\u00e3o e boas energias. \ud83d\udc9b Perfeito para quem ama acess\u00f3rios elegantes com [&hellip;]<\/p>\n","protected":false},"featured_media":2041,"template":"","meta":[],"product_brand":[],"product_cat":[20,60,21],"product_tag":[],"class_list":{"0":"post-351","1":"product","2":"type-product","3":"status-publish","4":"has-post-thumbnail","6":"product_cat-aneis","7":"product_cat-aneis-ajustaveis","8":"product_cat-prata-925","10":"first","11":"instock","12":"shipping-taxable","13":"purchasable","14":"product-type-simple"},"_links":{"self":[{"href":"https:\/\/novalavie.daracaroline.com.br\/en\/wp-json\/wp\/v2\/product\/351","targetHints":{"allow":["GET"]}}],"collection":[{"href":"https:\/\/novalavie.daracaroline.com.br\/en\/wp-json\/wp\/v2\/product"}],"about":[{"href":"https:\/\/novalavie.daracaroline.com.br\/en\/wp-json\/wp\/v2\/types\/product"}],"version-history":[{"count":0,"href":"https:\/\/novalavie.daracaroline.com.br\/en\/wp-json\/wp\/v2\/product\/351\/revisions"}],"wp:featuredmedia":[{"embeddable":true,"href":"https:\/\/novalavie.daracaroline.com.br\/en\/wp-json\/wp\/v2\/media\/2041"}],"wp:attachment":[{"href":"https:\/\/novalavie.daracaroline.com.br\/en\/wp-json\/wp\/v2\/media?parent=351"}],"wp:term":[{"taxonomy":"product_brand","embeddable":true,"href":"https:\/\/novalavie.daracaroline.com.br\/en\/wp-json\/wp\/v2\/product_brand?post=351"},{"taxonomy":"product_cat","embeddable":true,"href":"https:\/\/novalavie.daracaroline.com.br\/en\/wp-json\/wp\/v2\/product_cat?post=351"},{"taxonomy":"product_tag","embeddable":true,"href":"https:\/\/novalavie.daracaroline.com.br\/en\/wp-json\/wp\/v2\/product_tag?post=351"}],"curies":[{"name":"wp","href":"https:\/\/api.w.org\/{rel}","templated":true}]}}