{"id":3508,"date":"2024-11-26T01:27:21","date_gmt":"2024-11-26T01:27:21","guid":{"rendered":"https:\/\/novalavie.daracaroline.com.br\/?post_type=product&#038;p=3508"},"modified":"2026-03-30T16:10:44","modified_gmt":"2026-03-30T16:10:44","slug":"anel-victoria-prata","status":"publish","type":"product","link":"https:\/\/novalavie.daracaroline.com.br\/en\/product\/anel-victoria-prata\/","title":{"rendered":"Anel Victoria Prata"},"content":{"rendered":"<p>Prata 925 com Banho de R\u00f3dio.<br \/>\nPedras: Zirc\u00f4nia Cristal.<br \/>\nTamanho Dispon\u00edvel por encomenda \u2013 descri\u00e7\u00e3o do n\u00famero ao efetuar o pagamento.<\/p>\n<p>Anel em Prata 925, meio cravejado com zirc\u00f4nias e ponto de luz quadrado central.<\/p>\n<p>Ideal para usar como meia alian\u00e7a ou em composi\u00e7\u00f5es de an\u00e9is.<\/p>\n<p>Uma joia vers\u00e1til e elegante, que combina com tudo.<span class=\"Apple-converted-space\">\u00a0<\/span><\/p>","protected":false},"excerpt":{"rendered":"<p>Prata 925 com Banho de R\u00f3dio. Pedras: Zirc\u00f4nia Cristal. Tamanho Dispon\u00edvel por encomenda \u2013 descri\u00e7\u00e3o do n\u00famero ao efetuar o pagamento. Anel em Prata 925, meio cravejado com zirc\u00f4nias e ponto de luz quadrado central. Ideal para usar como meia alian\u00e7a ou em composi\u00e7\u00f5es de an\u00e9is. Uma joia vers\u00e1til e elegante, que combina com tudo.\u00a0<\/p>","protected":false},"featured_media":3456,"template":"","meta":[],"product_brand":[],"product_cat":[20,21],"product_tag":[],"class_list":{"0":"post-3508","1":"product","2":"type-product","3":"status-publish","4":"has-post-thumbnail","6":"product_cat-aneis","7":"product_cat-prata-925","9":"first","10":"onbackorder","11":"shipping-taxable","12":"purchasable","13":"product-type-simple"},"_links":{"self":[{"href":"https:\/\/novalavie.daracaroline.com.br\/en\/wp-json\/wp\/v2\/product\/3508","targetHints":{"allow":["GET"]}}],"collection":[{"href":"https:\/\/novalavie.daracaroline.com.br\/en\/wp-json\/wp\/v2\/product"}],"about":[{"href":"https:\/\/novalavie.daracaroline.com.br\/en\/wp-json\/wp\/v2\/types\/product"}],"version-history":[{"count":0,"href":"https:\/\/novalavie.daracaroline.com.br\/en\/wp-json\/wp\/v2\/product\/3508\/revisions"}],"wp:featuredmedia":[{"embeddable":true,"href":"https:\/\/novalavie.daracaroline.com.br\/en\/wp-json\/wp\/v2\/media\/3456"}],"wp:attachment":[{"href":"https:\/\/novalavie.daracaroline.com.br\/en\/wp-json\/wp\/v2\/media?parent=3508"}],"wp:term":[{"taxonomy":"product_brand","embeddable":true,"href":"https:\/\/novalavie.daracaroline.com.br\/en\/wp-json\/wp\/v2\/product_brand?post=3508"},{"taxonomy":"product_cat","embeddable":true,"href":"https:\/\/novalavie.daracaroline.com.br\/en\/wp-json\/wp\/v2\/product_cat?post=3508"},{"taxonomy":"product_tag","embeddable":true,"href":"https:\/\/novalavie.daracaroline.com.br\/en\/wp-json\/wp\/v2\/product_tag?post=3508"}],"curies":[{"name":"wp","href":"https:\/\/api.w.org\/{rel}","templated":true}]}}