{"id":3491,"date":"2024-11-24T23:38:25","date_gmt":"2024-11-24T23:38:25","guid":{"rendered":"https:\/\/novalavie.daracaroline.com.br\/?post_type=product&#038;p=3491"},"modified":"2026-02-04T15:02:45","modified_gmt":"2026-02-04T15:02:45","slug":"anel-iris-prata","status":"publish","type":"product","link":"https:\/\/novalavie.daracaroline.com.br\/en\/product\/anel-iris-prata\/","title":{"rendered":"Anel \u00cdris Prata"},"content":{"rendered":"<p>Prata 925 com Banho de R\u00f3dio.<br \/>\nPedras: Zirc\u00f4nia Coloridas.<br \/>\nInformar tamanho ao efetuar a compra.<br \/>\nTODOS os tamanhos dispon\u00edveis.<\/p>\n<p>Anel em Prata 925, todo cravejado com zirc\u00f4nias coloridas, que trazem brilho e alegria \u00e0 pe\u00e7a.<\/p>\n<p>Design delicado e moderno, perfeito para destacar as m\u00e3os.<\/p>\n<p>Uma joia vers\u00e1til e cheia de personalidade, ideal para compor looks leves e sofisticados.<\/p>","protected":false},"excerpt":{"rendered":"<p>Prata 925 com Banho de R\u00f3dio. Pedras: Zirc\u00f4nia Coloridas. Informar tamanho ao efetuar a compra. TODOS os tamanhos dispon\u00edveis. Anel em Prata 925, todo cravejado com zirc\u00f4nias coloridas, que trazem brilho e alegria \u00e0 pe\u00e7a. Design delicado e moderno, perfeito para destacar as m\u00e3os. Uma joia vers\u00e1til e cheia de personalidade, ideal para compor looks [&hellip;]<\/p>\n","protected":false},"featured_media":3490,"template":"","meta":[],"product_brand":[],"product_cat":[20,21],"product_tag":[],"class_list":{"0":"post-3491","1":"product","2":"type-product","3":"status-publish","4":"has-post-thumbnail","6":"product_cat-aneis","7":"product_cat-prata-925","9":"first","10":"instock","11":"shipping-taxable","12":"purchasable","13":"product-type-simple"},"_links":{"self":[{"href":"https:\/\/novalavie.daracaroline.com.br\/en\/wp-json\/wp\/v2\/product\/3491","targetHints":{"allow":["GET"]}}],"collection":[{"href":"https:\/\/novalavie.daracaroline.com.br\/en\/wp-json\/wp\/v2\/product"}],"about":[{"href":"https:\/\/novalavie.daracaroline.com.br\/en\/wp-json\/wp\/v2\/types\/product"}],"version-history":[{"count":0,"href":"https:\/\/novalavie.daracaroline.com.br\/en\/wp-json\/wp\/v2\/product\/3491\/revisions"}],"wp:featuredmedia":[{"embeddable":true,"href":"https:\/\/novalavie.daracaroline.com.br\/en\/wp-json\/wp\/v2\/media\/3490"}],"wp:attachment":[{"href":"https:\/\/novalavie.daracaroline.com.br\/en\/wp-json\/wp\/v2\/media?parent=3491"}],"wp:term":[{"taxonomy":"product_brand","embeddable":true,"href":"https:\/\/novalavie.daracaroline.com.br\/en\/wp-json\/wp\/v2\/product_brand?post=3491"},{"taxonomy":"product_cat","embeddable":true,"href":"https:\/\/novalavie.daracaroline.com.br\/en\/wp-json\/wp\/v2\/product_cat?post=3491"},{"taxonomy":"product_tag","embeddable":true,"href":"https:\/\/novalavie.daracaroline.com.br\/en\/wp-json\/wp\/v2\/product_tag?post=3491"}],"curies":[{"name":"wp","href":"https:\/\/api.w.org\/{rel}","templated":true}]}}