{"id":3111,"date":"2024-09-02T12:14:08","date_gmt":"2024-09-02T12:14:08","guid":{"rendered":"https:\/\/novalavie.daracaroline.com.br\/?post_type=product&#038;p=3111"},"modified":"2026-02-18T18:29:49","modified_gmt":"2026-02-18T18:29:49","slug":"anel-diana-prata","status":"publish","type":"product","link":"https:\/\/novalavie.daracaroline.com.br\/en\/product\/anel-diana-prata\/","title":{"rendered":"Anel Diana Prata"},"content":{"rendered":"<p>Prata 925<br \/>\nPedras Zirc\u00f4nias cor: verde e cristal.<br \/>\nTamanho Dispon\u00edvel por encomenda \u2013 descri\u00e7\u00e3o do n\u00famero ao efetuar o pagamento.<\/p>\n<p>Anel em prata 925 com pedra central verde em destaque, rodeada por delicadas zirc\u00f4nias cravejadas que intensificam o brilho da pe\u00e7a. Um design sofisticado e elegante, perfeito para quem ama joias marcantes e cheias de charme.<\/p>\n<p>Garanta o seu e adicione um toque de luxo aos seus looks.<\/p>","protected":false},"excerpt":{"rendered":"<p>Prata 925 Pedras Zirc\u00f4nias cor: verde e cristal. Tamanho Dispon\u00edvel por encomenda \u2013 descri\u00e7\u00e3o do n\u00famero ao efetuar o pagamento. Anel em prata 925 com pedra central verde em destaque, rodeada por delicadas zirc\u00f4nias cravejadas que intensificam o brilho da pe\u00e7a. Um design sofisticado e elegante, perfeito para quem ama joias marcantes e cheias de [&hellip;]<\/p>\n","protected":false},"featured_media":3089,"template":"","meta":[],"product_brand":[],"product_cat":[20,21],"product_tag":[],"class_list":{"0":"post-3111","1":"product","2":"type-product","3":"status-publish","4":"has-post-thumbnail","6":"product_cat-aneis","7":"product_cat-prata-925","9":"first","10":"onbackorder","11":"shipping-taxable","12":"purchasable","13":"product-type-simple"},"_links":{"self":[{"href":"https:\/\/novalavie.daracaroline.com.br\/en\/wp-json\/wp\/v2\/product\/3111","targetHints":{"allow":["GET"]}}],"collection":[{"href":"https:\/\/novalavie.daracaroline.com.br\/en\/wp-json\/wp\/v2\/product"}],"about":[{"href":"https:\/\/novalavie.daracaroline.com.br\/en\/wp-json\/wp\/v2\/types\/product"}],"version-history":[{"count":0,"href":"https:\/\/novalavie.daracaroline.com.br\/en\/wp-json\/wp\/v2\/product\/3111\/revisions"}],"wp:featuredmedia":[{"embeddable":true,"href":"https:\/\/novalavie.daracaroline.com.br\/en\/wp-json\/wp\/v2\/media\/3089"}],"wp:attachment":[{"href":"https:\/\/novalavie.daracaroline.com.br\/en\/wp-json\/wp\/v2\/media?parent=3111"}],"wp:term":[{"taxonomy":"product_brand","embeddable":true,"href":"https:\/\/novalavie.daracaroline.com.br\/en\/wp-json\/wp\/v2\/product_brand?post=3111"},{"taxonomy":"product_cat","embeddable":true,"href":"https:\/\/novalavie.daracaroline.com.br\/en\/wp-json\/wp\/v2\/product_cat?post=3111"},{"taxonomy":"product_tag","embeddable":true,"href":"https:\/\/novalavie.daracaroline.com.br\/en\/wp-json\/wp\/v2\/product_tag?post=3111"}],"curies":[{"name":"wp","href":"https:\/\/api.w.org\/{rel}","templated":true}]}}