{"id":3109,"date":"2024-09-02T11:28:03","date_gmt":"2024-09-02T11:28:03","guid":{"rendered":"https:\/\/novalavie.daracaroline.com.br\/?post_type=product&#038;p=3109"},"modified":"2026-02-04T16:15:21","modified_gmt":"2026-02-04T16:15:21","slug":"anel-perola-ouro","status":"publish","type":"product","link":"https:\/\/novalavie.daracaroline.com.br\/en\/product\/anel-perola-ouro\/","title":{"rendered":"Anel P\u00e9rola Ouro"},"content":{"rendered":"<p>Prata 925 com Banho Ouro 18K.<br \/>\nPedras Zirc\u00f4nias cor: cristal.<br \/>\nP\u00e9rola Sint\u00e9tica.<br \/>\nTamanho Dispon\u00edvel: TODOS informar ao efetuar a compra.<\/p>\n<p>Anel em Prata 925 com banho de ouro 18k, sofisticado e delicado.<\/p>\n<p>Possui zirc\u00f4nias cristais nas laterais e p\u00e9rola sint\u00e9tica central, trazendo eleg\u00e2ncia ao design.<\/p>\n<p>Uma joia atemporal, ideal para iluminar qualquer produ\u00e7\u00e3o.<span class=\"Apple-converted-space\">\u00a0<\/span><\/p>","protected":false},"excerpt":{"rendered":"<p>Prata 925 com Banho Ouro 18K. Pedras Zirc\u00f4nias cor: cristal. P\u00e9rola Sint\u00e9tica. Tamanho Dispon\u00edvel: TODOS informar ao efetuar a compra. Anel em Prata 925 com banho de ouro 18k, sofisticado e delicado. Possui zirc\u00f4nias cristais nas laterais e p\u00e9rola sint\u00e9tica central, trazendo eleg\u00e2ncia ao design. Uma joia atemporal, ideal para iluminar qualquer produ\u00e7\u00e3o.\u00a0<\/p>","protected":false},"featured_media":3067,"template":"","meta":[],"product_brand":[],"product_cat":[20,22],"product_tag":[],"class_list":{"0":"post-3109","1":"product","2":"type-product","3":"status-publish","4":"has-post-thumbnail","6":"product_cat-aneis","7":"product_cat-prata-925-com-banho-ouro-18k","9":"first","10":"onbackorder","11":"shipping-taxable","12":"purchasable","13":"product-type-simple"},"_links":{"self":[{"href":"https:\/\/novalavie.daracaroline.com.br\/en\/wp-json\/wp\/v2\/product\/3109","targetHints":{"allow":["GET"]}}],"collection":[{"href":"https:\/\/novalavie.daracaroline.com.br\/en\/wp-json\/wp\/v2\/product"}],"about":[{"href":"https:\/\/novalavie.daracaroline.com.br\/en\/wp-json\/wp\/v2\/types\/product"}],"version-history":[{"count":0,"href":"https:\/\/novalavie.daracaroline.com.br\/en\/wp-json\/wp\/v2\/product\/3109\/revisions"}],"wp:featuredmedia":[{"embeddable":true,"href":"https:\/\/novalavie.daracaroline.com.br\/en\/wp-json\/wp\/v2\/media\/3067"}],"wp:attachment":[{"href":"https:\/\/novalavie.daracaroline.com.br\/en\/wp-json\/wp\/v2\/media?parent=3109"}],"wp:term":[{"taxonomy":"product_brand","embeddable":true,"href":"https:\/\/novalavie.daracaroline.com.br\/en\/wp-json\/wp\/v2\/product_brand?post=3109"},{"taxonomy":"product_cat","embeddable":true,"href":"https:\/\/novalavie.daracaroline.com.br\/en\/wp-json\/wp\/v2\/product_cat?post=3109"},{"taxonomy":"product_tag","embeddable":true,"href":"https:\/\/novalavie.daracaroline.com.br\/en\/wp-json\/wp\/v2\/product_tag?post=3109"}],"curies":[{"name":"wp","href":"https:\/\/api.w.org\/{rel}","templated":true}]}}