{"id":2879,"date":"2024-07-15T22:29:00","date_gmt":"2024-07-15T22:29:00","guid":{"rendered":"https:\/\/novalavie.daracaroline.com.br\/?post_type=product&#038;p=2879"},"modified":"2026-02-04T14:59:10","modified_gmt":"2026-02-04T14:59:10","slug":"anel-olho-grego-minimalista-prata","status":"publish","type":"product","link":"https:\/\/novalavie.daracaroline.com.br\/en\/product\/anel-olho-grego-minimalista-prata\/","title":{"rendered":"Anel Olho Grego Minimalista Prata"},"content":{"rendered":"<p>Prata 925.<br \/>\nPedras: Zirc\u00f4nia Cristal e Azul.<br \/>\nInformar tamanho ao efetuar a compra.<br \/>\nTODOS os tamanhos dispon\u00edveis.<\/p>\n<p>Anel em Prata 925 com olho grego minimalista, delicado e elegante.<\/p>\n<p>S\u00edmbolo de prote\u00e7\u00e3o e boas energias para o dia a dia.<\/p>\n<p>Uma joia vers\u00e1til, perfeita para usar sozinha ou em composi\u00e7\u00e3o.<span class=\"Apple-converted-space\">\u00a0<\/span><\/p>","protected":false},"excerpt":{"rendered":"<p>Prata 925. Pedras: Zirc\u00f4nia Cristal e Azul. Informar tamanho ao efetuar a compra. TODOS os tamanhos dispon\u00edveis. Anel em Prata 925 com olho grego minimalista, delicado e elegante. S\u00edmbolo de prote\u00e7\u00e3o e boas energias para o dia a dia. Uma joia vers\u00e1til, perfeita para usar sozinha ou em composi\u00e7\u00e3o.\u00a0<\/p>","protected":false},"featured_media":2880,"template":"","meta":[],"product_brand":[],"product_cat":[20,21],"product_tag":[],"class_list":{"0":"post-2879","1":"product","2":"type-product","3":"status-publish","4":"has-post-thumbnail","6":"product_cat-aneis","7":"product_cat-prata-925","9":"first","10":"onbackorder","11":"shipping-taxable","12":"purchasable","13":"product-type-simple"},"_links":{"self":[{"href":"https:\/\/novalavie.daracaroline.com.br\/en\/wp-json\/wp\/v2\/product\/2879","targetHints":{"allow":["GET"]}}],"collection":[{"href":"https:\/\/novalavie.daracaroline.com.br\/en\/wp-json\/wp\/v2\/product"}],"about":[{"href":"https:\/\/novalavie.daracaroline.com.br\/en\/wp-json\/wp\/v2\/types\/product"}],"version-history":[{"count":0,"href":"https:\/\/novalavie.daracaroline.com.br\/en\/wp-json\/wp\/v2\/product\/2879\/revisions"}],"wp:featuredmedia":[{"embeddable":true,"href":"https:\/\/novalavie.daracaroline.com.br\/en\/wp-json\/wp\/v2\/media\/2880"}],"wp:attachment":[{"href":"https:\/\/novalavie.daracaroline.com.br\/en\/wp-json\/wp\/v2\/media?parent=2879"}],"wp:term":[{"taxonomy":"product_brand","embeddable":true,"href":"https:\/\/novalavie.daracaroline.com.br\/en\/wp-json\/wp\/v2\/product_brand?post=2879"},{"taxonomy":"product_cat","embeddable":true,"href":"https:\/\/novalavie.daracaroline.com.br\/en\/wp-json\/wp\/v2\/product_cat?post=2879"},{"taxonomy":"product_tag","embeddable":true,"href":"https:\/\/novalavie.daracaroline.com.br\/en\/wp-json\/wp\/v2\/product_tag?post=2879"}],"curies":[{"name":"wp","href":"https:\/\/api.w.org\/{rel}","templated":true}]}}