{"id":2482,"date":"2024-05-05T12:34:13","date_gmt":"2024-05-05T12:34:13","guid":{"rendered":"https:\/\/novalavie.daracaroline.com.br\/?post_type=product&#038;p=2482"},"modified":"2024-05-08T13:37:29","modified_gmt":"2024-05-08T13:37:29","slug":"colar-coracao-cruz-gravata-prata","status":"publish","type":"product","link":"https:\/\/novalavie.daracaroline.com.br\/en\/product\/colar-coracao-cruz-gravata-prata\/","title":{"rendered":"Colar Cora\u00e7\u00e3o Cruz Gravata Prata"},"content":{"rendered":"<p>Prata 925<br \/>\nPedras em Zirc\u00f4nia Cristal.<br \/>\nTamanho Pingente Cora\u00e7\u00e3o: 6.2 mm.<br \/>\nTamanho Pingente Cruz: 20 mm X 12 mm.<br \/>\nTamanho da corrente: 40 cm \u2013 45 cm.<br \/>\nPeso: 2.6 g.<\/p>","protected":false},"excerpt":{"rendered":"<p>Prata 925 Pedras em Zirc\u00f4nia Cristal. Tamanho Pingente Cora\u00e7\u00e3o: 6.2 mm. Tamanho Pingente Cruz: 20 mm X 12 mm. Tamanho da corrente: 40 cm \u2013 45 cm. Peso: 2.6 g.<\/p>","protected":false},"featured_media":2473,"template":"","meta":[],"product_brand":[],"product_cat":[28,38,29],"product_tag":[],"class_list":{"0":"post-2482","1":"product","2":"type-product","3":"status-publish","4":"has-post-thumbnail","6":"product_cat-colares","7":"product_cat-colares-semijoias","8":"product_cat-prata-925-colares","10":"first","11":"outofstock","12":"shipping-taxable","13":"purchasable","14":"product-type-simple"},"_links":{"self":[{"href":"https:\/\/novalavie.daracaroline.com.br\/en\/wp-json\/wp\/v2\/product\/2482","targetHints":{"allow":["GET"]}}],"collection":[{"href":"https:\/\/novalavie.daracaroline.com.br\/en\/wp-json\/wp\/v2\/product"}],"about":[{"href":"https:\/\/novalavie.daracaroline.com.br\/en\/wp-json\/wp\/v2\/types\/product"}],"version-history":[{"count":0,"href":"https:\/\/novalavie.daracaroline.com.br\/en\/wp-json\/wp\/v2\/product\/2482\/revisions"}],"wp:featuredmedia":[{"embeddable":true,"href":"https:\/\/novalavie.daracaroline.com.br\/en\/wp-json\/wp\/v2\/media\/2473"}],"wp:attachment":[{"href":"https:\/\/novalavie.daracaroline.com.br\/en\/wp-json\/wp\/v2\/media?parent=2482"}],"wp:term":[{"taxonomy":"product_brand","embeddable":true,"href":"https:\/\/novalavie.daracaroline.com.br\/en\/wp-json\/wp\/v2\/product_brand?post=2482"},{"taxonomy":"product_cat","embeddable":true,"href":"https:\/\/novalavie.daracaroline.com.br\/en\/wp-json\/wp\/v2\/product_cat?post=2482"},{"taxonomy":"product_tag","embeddable":true,"href":"https:\/\/novalavie.daracaroline.com.br\/en\/wp-json\/wp\/v2\/product_tag?post=2482"}],"curies":[{"name":"wp","href":"https:\/\/api.w.org\/{rel}","templated":true}]}}