{"id":2292,"date":"2023-09-14T19:19:10","date_gmt":"2023-09-14T19:19:10","guid":{"rendered":"https:\/\/novalavie.daracaroline.com.br\/?post_type=product&#038;p=2292"},"modified":"2026-02-16T14:08:16","modified_gmt":"2026-02-16T14:08:16","slug":"anel-solitario-prata","status":"publish","type":"product","link":"https:\/\/novalavie.daracaroline.com.br\/en\/product\/anel-solitario-prata\/","title":{"rendered":"Anel Solit\u00e1rio Prata"},"content":{"rendered":"<p>Prata 925<br \/>\nPedras Zirc\u00f4nias cor: cristal.<br \/>\nTamanho Dispon\u00edvel por encomenda \u2013 descri\u00e7\u00e3o do n\u00famero ao efetuar o pagamento.<\/p>\n<p>Anel solit\u00e1rio em prata 925 que simboliza amor e delicadeza em cada detalhe. Perfeito para qualquer ocasi\u00e3o e ideal como aparador de alian\u00e7a, \u00e9 uma joia rom\u00e2ntica que ilumina seus momentos especiais.<\/p>","protected":false},"excerpt":{"rendered":"<p>Prata 925 Pedras Zirc\u00f4nias cor: cristal. Tamanho Dispon\u00edvel por encomenda \u2013 descri\u00e7\u00e3o do n\u00famero ao efetuar o pagamento. Anel solit\u00e1rio em prata 925 que simboliza amor e delicadeza em cada detalhe. Perfeito para qualquer ocasi\u00e3o e ideal como aparador de alian\u00e7a, \u00e9 uma joia rom\u00e2ntica que ilumina seus momentos especiais.<\/p>","protected":false},"featured_media":2290,"template":"","meta":[],"product_brand":[],"product_cat":[20,21],"product_tag":[],"class_list":{"0":"post-2292","1":"product","2":"type-product","3":"status-publish","4":"has-post-thumbnail","6":"product_cat-aneis","7":"product_cat-prata-925","9":"first","10":"instock","11":"shipping-taxable","12":"purchasable","13":"product-type-simple"},"_links":{"self":[{"href":"https:\/\/novalavie.daracaroline.com.br\/en\/wp-json\/wp\/v2\/product\/2292","targetHints":{"allow":["GET"]}}],"collection":[{"href":"https:\/\/novalavie.daracaroline.com.br\/en\/wp-json\/wp\/v2\/product"}],"about":[{"href":"https:\/\/novalavie.daracaroline.com.br\/en\/wp-json\/wp\/v2\/types\/product"}],"version-history":[{"count":0,"href":"https:\/\/novalavie.daracaroline.com.br\/en\/wp-json\/wp\/v2\/product\/2292\/revisions"}],"wp:featuredmedia":[{"embeddable":true,"href":"https:\/\/novalavie.daracaroline.com.br\/en\/wp-json\/wp\/v2\/media\/2290"}],"wp:attachment":[{"href":"https:\/\/novalavie.daracaroline.com.br\/en\/wp-json\/wp\/v2\/media?parent=2292"}],"wp:term":[{"taxonomy":"product_brand","embeddable":true,"href":"https:\/\/novalavie.daracaroline.com.br\/en\/wp-json\/wp\/v2\/product_brand?post=2292"},{"taxonomy":"product_cat","embeddable":true,"href":"https:\/\/novalavie.daracaroline.com.br\/en\/wp-json\/wp\/v2\/product_cat?post=2292"},{"taxonomy":"product_tag","embeddable":true,"href":"https:\/\/novalavie.daracaroline.com.br\/en\/wp-json\/wp\/v2\/product_tag?post=2292"}],"curies":[{"name":"wp","href":"https:\/\/api.w.org\/{rel}","templated":true}]}}