{"id":2037,"date":"2023-07-17T22:24:01","date_gmt":"2023-07-17T22:24:01","guid":{"rendered":"https:\/\/novalavie.daracaroline.com.br\/?post_type=product&#038;p=2037"},"modified":"2025-01-08T12:47:42","modified_gmt":"2025-01-08T12:47:42","slug":"pulseira-riviera-camila-prata","status":"publish","type":"product","link":"https:\/\/novalavie.daracaroline.com.br\/en\/product\/pulseira-riviera-camila-prata\/","title":{"rendered":"Pulseira Riviera Camila Prata"},"content":{"rendered":"<p>Prata 925<br \/>\nPedras em Zirc\u00f4nia Cristal de 3mm e Pingente de Cora\u00e7\u00e3o.<br \/>\nComprimento da pulseira: Ajust\u00e1vel (15cm + 3cm<br \/>\nPeso: 4.9 g.<\/p>","protected":false},"excerpt":{"rendered":"<p>Prata 925 Pedras em Zirc\u00f4nia Cristal de 3mm e Pingente de Cora\u00e7\u00e3o. Comprimento da pulseira: Ajust\u00e1vel (15cm + 3cm Peso: 4.9 g.<\/p>","protected":false},"featured_media":2038,"template":"","meta":[],"product_brand":[],"product_cat":[33,32],"product_tag":[],"class_list":{"0":"post-2037","1":"product","2":"type-product","3":"status-publish","4":"has-post-thumbnail","6":"product_cat-prata-925-pulseiras","7":"product_cat-pulseiras","9":"first","10":"outofstock","11":"shipping-taxable","12":"purchasable","13":"product-type-simple"},"_links":{"self":[{"href":"https:\/\/novalavie.daracaroline.com.br\/en\/wp-json\/wp\/v2\/product\/2037","targetHints":{"allow":["GET"]}}],"collection":[{"href":"https:\/\/novalavie.daracaroline.com.br\/en\/wp-json\/wp\/v2\/product"}],"about":[{"href":"https:\/\/novalavie.daracaroline.com.br\/en\/wp-json\/wp\/v2\/types\/product"}],"version-history":[{"count":0,"href":"https:\/\/novalavie.daracaroline.com.br\/en\/wp-json\/wp\/v2\/product\/2037\/revisions"}],"wp:featuredmedia":[{"embeddable":true,"href":"https:\/\/novalavie.daracaroline.com.br\/en\/wp-json\/wp\/v2\/media\/2038"}],"wp:attachment":[{"href":"https:\/\/novalavie.daracaroline.com.br\/en\/wp-json\/wp\/v2\/media?parent=2037"}],"wp:term":[{"taxonomy":"product_brand","embeddable":true,"href":"https:\/\/novalavie.daracaroline.com.br\/en\/wp-json\/wp\/v2\/product_brand?post=2037"},{"taxonomy":"product_cat","embeddable":true,"href":"https:\/\/novalavie.daracaroline.com.br\/en\/wp-json\/wp\/v2\/product_cat?post=2037"},{"taxonomy":"product_tag","embeddable":true,"href":"https:\/\/novalavie.daracaroline.com.br\/en\/wp-json\/wp\/v2\/product_tag?post=2037"}],"curies":[{"name":"wp","href":"https:\/\/api.w.org\/{rel}","templated":true}]}}