{"id":2035,"date":"2023-07-17T22:18:26","date_gmt":"2023-07-17T22:18:26","guid":{"rendered":"https:\/\/novalavie.daracaroline.com.br\/?post_type=product&#038;p=2035"},"modified":"2026-02-04T13:10:14","modified_gmt":"2026-02-04T13:10:14","slug":"anel-coracao-liso-prata","status":"publish","type":"product","link":"https:\/\/novalavie.daracaroline.com.br\/en\/product\/anel-coracao-liso-prata\/","title":{"rendered":"Anel Cora\u00e7\u00e3o Liso Prata"},"content":{"rendered":"<p>Prata 925.<br \/>\nTODOS os tamanhos dispon\u00edveis.<br \/>\nInformar tamanho ao finalizar a compra.<\/p>\n<p>Anel minimalista em prata 925, com design de cora\u00e7\u00e3o que encanta \u00e0 primeira vista. Uma joia leve, elegante e perfeita para combinar com tudo \u2014 assim como voc\u00ea.<\/p>","protected":false},"excerpt":{"rendered":"<p>Prata 925. TODOS os tamanhos dispon\u00edveis. Informar tamanho ao finalizar a compra. Anel minimalista em prata 925, com design de cora\u00e7\u00e3o que encanta \u00e0 primeira vista. Uma joia leve, elegante e perfeita para combinar com tudo \u2014 assim como voc\u00ea.<\/p>","protected":false},"featured_media":2036,"template":"","meta":[],"product_brand":[],"product_cat":[20,21],"product_tag":[],"class_list":{"0":"post-2035","1":"product","2":"type-product","3":"status-publish","4":"has-post-thumbnail","6":"product_cat-aneis","7":"product_cat-prata-925","9":"first","10":"onbackorder","11":"shipping-taxable","12":"purchasable","13":"product-type-simple"},"_links":{"self":[{"href":"https:\/\/novalavie.daracaroline.com.br\/en\/wp-json\/wp\/v2\/product\/2035","targetHints":{"allow":["GET"]}}],"collection":[{"href":"https:\/\/novalavie.daracaroline.com.br\/en\/wp-json\/wp\/v2\/product"}],"about":[{"href":"https:\/\/novalavie.daracaroline.com.br\/en\/wp-json\/wp\/v2\/types\/product"}],"version-history":[{"count":0,"href":"https:\/\/novalavie.daracaroline.com.br\/en\/wp-json\/wp\/v2\/product\/2035\/revisions"}],"wp:featuredmedia":[{"embeddable":true,"href":"https:\/\/novalavie.daracaroline.com.br\/en\/wp-json\/wp\/v2\/media\/2036"}],"wp:attachment":[{"href":"https:\/\/novalavie.daracaroline.com.br\/en\/wp-json\/wp\/v2\/media?parent=2035"}],"wp:term":[{"taxonomy":"product_brand","embeddable":true,"href":"https:\/\/novalavie.daracaroline.com.br\/en\/wp-json\/wp\/v2\/product_brand?post=2035"},{"taxonomy":"product_cat","embeddable":true,"href":"https:\/\/novalavie.daracaroline.com.br\/en\/wp-json\/wp\/v2\/product_cat?post=2035"},{"taxonomy":"product_tag","embeddable":true,"href":"https:\/\/novalavie.daracaroline.com.br\/en\/wp-json\/wp\/v2\/product_tag?post=2035"}],"curies":[{"name":"wp","href":"https:\/\/api.w.org\/{rel}","templated":true}]}}