{"id":2030,"date":"2023-07-17T15:23:30","date_gmt":"2023-07-17T15:23:30","guid":{"rendered":"https:\/\/novalavie.daracaroline.com.br\/?post_type=product&#038;p=2030"},"modified":"2026-02-18T18:03:07","modified_gmt":"2026-02-18T18:03:07","slug":"anel-topazio-prata","status":"publish","type":"product","link":"https:\/\/novalavie.daracaroline.com.br\/en\/product\/anel-topazio-prata\/","title":{"rendered":"Anel Top\u00e1zio Prata"},"content":{"rendered":"<p>Prata 925<br \/>\nPedra Principal Natural de Top\u00e1zio.<\/p>\n<p>TODOS os tamanhos dispon\u00edveis, informar ao comprar.<\/p>\n<p>Um toque de luxo que transforma qualquer produ\u00e7\u00e3o.<br \/>\nAnel em prata 925 com top\u00e1zio natural, lapidado para real\u00e7ar o brilho e a eleg\u00e2ncia de uma joia \u00fanica. Sofisticado, delicado e atemporal \u2014 perfeito para quem ama pe\u00e7as que chamam aten\u00e7\u00e3o na medida certa.<\/p>\n<p>\u2728 Garanta o seu e leve mais brilho para os seus momentos especiais. Envie uma mensagem e pe\u00e7a o seu!<\/p>","protected":false},"excerpt":{"rendered":"<p>Prata 925 Pedra Principal Natural de Top\u00e1zio. TODOS os tamanhos dispon\u00edveis, informar ao comprar. Um toque de luxo que transforma qualquer produ\u00e7\u00e3o. Anel em prata 925 com top\u00e1zio natural, lapidado para real\u00e7ar o brilho e a eleg\u00e2ncia de uma joia \u00fanica. Sofisticado, delicado e atemporal \u2014 perfeito para quem ama pe\u00e7as que chamam aten\u00e7\u00e3o na [&hellip;]<\/p>\n","protected":false},"featured_media":5093,"template":"","meta":[],"product_brand":[],"product_cat":[20,21],"product_tag":[],"class_list":{"0":"post-2030","1":"product","2":"type-product","3":"status-publish","4":"has-post-thumbnail","6":"product_cat-aneis","7":"product_cat-prata-925","9":"first","10":"onbackorder","11":"shipping-taxable","12":"purchasable","13":"product-type-simple"},"_links":{"self":[{"href":"https:\/\/novalavie.daracaroline.com.br\/en\/wp-json\/wp\/v2\/product\/2030","targetHints":{"allow":["GET"]}}],"collection":[{"href":"https:\/\/novalavie.daracaroline.com.br\/en\/wp-json\/wp\/v2\/product"}],"about":[{"href":"https:\/\/novalavie.daracaroline.com.br\/en\/wp-json\/wp\/v2\/types\/product"}],"version-history":[{"count":0,"href":"https:\/\/novalavie.daracaroline.com.br\/en\/wp-json\/wp\/v2\/product\/2030\/revisions"}],"wp:featuredmedia":[{"embeddable":true,"href":"https:\/\/novalavie.daracaroline.com.br\/en\/wp-json\/wp\/v2\/media\/5093"}],"wp:attachment":[{"href":"https:\/\/novalavie.daracaroline.com.br\/en\/wp-json\/wp\/v2\/media?parent=2030"}],"wp:term":[{"taxonomy":"product_brand","embeddable":true,"href":"https:\/\/novalavie.daracaroline.com.br\/en\/wp-json\/wp\/v2\/product_brand?post=2030"},{"taxonomy":"product_cat","embeddable":true,"href":"https:\/\/novalavie.daracaroline.com.br\/en\/wp-json\/wp\/v2\/product_cat?post=2030"},{"taxonomy":"product_tag","embeddable":true,"href":"https:\/\/novalavie.daracaroline.com.br\/en\/wp-json\/wp\/v2\/product_tag?post=2030"}],"curies":[{"name":"wp","href":"https:\/\/api.w.org\/{rel}","templated":true}]}}