{"id":2013,"date":"2023-06-27T11:20:48","date_gmt":"2023-06-27T11:20:48","guid":{"rendered":"https:\/\/novalavie.daracaroline.com.br\/?post_type=product&#038;p=2013"},"modified":"2026-02-04T14:48:48","modified_gmt":"2026-02-04T14:48:48","slug":"anel-rebeca-prata","status":"publish","type":"product","link":"https:\/\/novalavie.daracaroline.com.br\/en\/product\/anel-rebeca-prata\/","title":{"rendered":"Anel Renata Prata"},"content":{"rendered":"<p>Prata 925 com Banho de R\u00f3dio.<br \/>\nPedras: Zirc\u00f4nia Cristal.<br \/>\nInformar tamanho ao efetuar a compra.<br \/>\nTODOS os tamanhos dispon\u00edveis.<\/p>\n<p>Anel em Prata 925, totalmente cravejado em zirc\u00f4nias, com brilho sofisticado.<\/p>\n<p>Perfeito para usar como meia alian\u00e7a ou combinar com outros an\u00e9is.<\/p>\n<p>Uma joia curinga, elegante e f\u00e1cil de vender porque combina com tudo.<\/p>","protected":false},"excerpt":{"rendered":"<p>Prata 925 com Banho de R\u00f3dio. Pedras: Zirc\u00f4nia Cristal. Informar tamanho ao efetuar a compra. TODOS os tamanhos dispon\u00edveis. Anel em Prata 925, totalmente cravejado em zirc\u00f4nias, com brilho sofisticado. Perfeito para usar como meia alian\u00e7a ou combinar com outros an\u00e9is. Uma joia curinga, elegante e f\u00e1cil de vender porque combina com tudo.<\/p>","protected":false},"featured_media":2014,"template":"","meta":[],"product_brand":[],"product_cat":[20,21],"product_tag":[],"class_list":{"0":"post-2013","1":"product","2":"type-product","3":"status-publish","4":"has-post-thumbnail","6":"product_cat-aneis","7":"product_cat-prata-925","9":"first","10":"onbackorder","11":"shipping-taxable","12":"purchasable","13":"product-type-simple"},"_links":{"self":[{"href":"https:\/\/novalavie.daracaroline.com.br\/en\/wp-json\/wp\/v2\/product\/2013","targetHints":{"allow":["GET"]}}],"collection":[{"href":"https:\/\/novalavie.daracaroline.com.br\/en\/wp-json\/wp\/v2\/product"}],"about":[{"href":"https:\/\/novalavie.daracaroline.com.br\/en\/wp-json\/wp\/v2\/types\/product"}],"version-history":[{"count":0,"href":"https:\/\/novalavie.daracaroline.com.br\/en\/wp-json\/wp\/v2\/product\/2013\/revisions"}],"wp:featuredmedia":[{"embeddable":true,"href":"https:\/\/novalavie.daracaroline.com.br\/en\/wp-json\/wp\/v2\/media\/2014"}],"wp:attachment":[{"href":"https:\/\/novalavie.daracaroline.com.br\/en\/wp-json\/wp\/v2\/media?parent=2013"}],"wp:term":[{"taxonomy":"product_brand","embeddable":true,"href":"https:\/\/novalavie.daracaroline.com.br\/en\/wp-json\/wp\/v2\/product_brand?post=2013"},{"taxonomy":"product_cat","embeddable":true,"href":"https:\/\/novalavie.daracaroline.com.br\/en\/wp-json\/wp\/v2\/product_cat?post=2013"},{"taxonomy":"product_tag","embeddable":true,"href":"https:\/\/novalavie.daracaroline.com.br\/en\/wp-json\/wp\/v2\/product_tag?post=2013"}],"curies":[{"name":"wp","href":"https:\/\/api.w.org\/{rel}","templated":true}]}}