{"id":1871,"date":"2023-03-03T11:23:10","date_gmt":"2023-03-03T11:23:10","guid":{"rendered":"https:\/\/novalavie.daracaroline.com.br\/?post_type=product&#038;p=1871"},"modified":"2025-10-23T23:41:46","modified_gmt":"2025-10-23T23:41:46","slug":"brinco-argola-borboletinha-ouro","status":"publish","type":"product","link":"https:\/\/novalavie.daracaroline.com.br\/en\/product\/brinco-argola-borboletinha-ouro\/","title":{"rendered":"Brinco Argola Borboletinha Ouro"},"content":{"rendered":"<p>O brinco argola borboletinha em prata 925 com banho ouro 18K \u00e9 sua joia ideal por diversos motivos:<\/p>\n<p>1. Qualidade do Material: A prata 925, tamb\u00e9m conhecida como prata esterlina, \u00e9 composta por 92,5% de prata pura e 7,5% de outros metais, geralmente cobre. Isso a torna mais dur\u00e1vel e resistente a arranh\u00f5es e deforma\u00e7\u00f5es em compara\u00e7\u00e3o com a prata pura.<\/p>\n<p>2. Design Elegante: O design de borboletinha traz um toque delicado e feminino, ideal para v\u00e1rias ocasi\u00f5es, desde o uso di\u00e1rio at\u00e9 eventos mais formais. As argolas t\u00eam uma est\u00e9tica vers\u00e1til que combina bem com diferentes estilos.<\/p>\n<p>3. Hipoalerg\u00eanica: A prata 925 \u00e9 menos propensa a causar alergias em compara\u00e7\u00e3o com outros metais, tornando-a uma escolha segura para pessoas com pele sens\u00edvel.<\/p>\n<p>4. Facilidade de Combina\u00e7\u00e3o: Joias em prata 925 s\u00e3o f\u00e1ceis de combinar com outras pe\u00e7as e acess\u00f3rios, permitindo criar looks variados e sofisticados.<\/p>\n<p>5. Durabilidade: A prata 925, quando cuidada adequadamente, pode durar muitos anos sem perder seu brilho e beleza.<\/p>\n<p>6. Valor Emocional: Joias, especialmente as que t\u00eam um design significativo como o de borboletinha, podem ter um valor sentimental especial, representando transforma\u00e7\u00e3o, liberdade e beleza.<\/p>\n<p>Esses fatores tornam o brinco argola borboletinha em prata 925 uma escolha popular e atrativa para quem aprecia joias de qualidade e estilo.<\/p>\n<p>Prata 925 com Banho de Ouro 18K.<br \/>\nPedras: Zirc\u00f4nia.<br \/>\nSistema do Fecho: Encaixe.<br \/>\nTamanho: 0.8 cm.<\/p>","protected":false},"excerpt":{"rendered":"<p>O brinco argola borboletinha em prata 925 com banho ouro 18K \u00e9 sua joia ideal por diversos motivos: 1. Qualidade do Material: A prata 925, tamb\u00e9m conhecida como prata esterlina, \u00e9 composta por 92,5% de prata pura e 7,5% de outros metais, geralmente cobre. Isso a torna mais dur\u00e1vel e resistente a arranh\u00f5es e deforma\u00e7\u00f5es [&hellip;]<\/p>\n","protected":false},"featured_media":1868,"template":"","meta":[],"product_brand":[],"product_cat":[61,24,27],"product_tag":[],"class_list":{"0":"post-1871","1":"product","2":"type-product","3":"status-publish","4":"has-post-thumbnail","6":"product_cat-argolas","7":"product_cat-brincos","8":"product_cat-prata-925-com-banho-ouro-18k-brincos","10":"first","11":"outofstock","12":"shipping-taxable","13":"purchasable","14":"product-type-simple"},"_links":{"self":[{"href":"https:\/\/novalavie.daracaroline.com.br\/en\/wp-json\/wp\/v2\/product\/1871","targetHints":{"allow":["GET"]}}],"collection":[{"href":"https:\/\/novalavie.daracaroline.com.br\/en\/wp-json\/wp\/v2\/product"}],"about":[{"href":"https:\/\/novalavie.daracaroline.com.br\/en\/wp-json\/wp\/v2\/types\/product"}],"version-history":[{"count":0,"href":"https:\/\/novalavie.daracaroline.com.br\/en\/wp-json\/wp\/v2\/product\/1871\/revisions"}],"wp:featuredmedia":[{"embeddable":true,"href":"https:\/\/novalavie.daracaroline.com.br\/en\/wp-json\/wp\/v2\/media\/1868"}],"wp:attachment":[{"href":"https:\/\/novalavie.daracaroline.com.br\/en\/wp-json\/wp\/v2\/media?parent=1871"}],"wp:term":[{"taxonomy":"product_brand","embeddable":true,"href":"https:\/\/novalavie.daracaroline.com.br\/en\/wp-json\/wp\/v2\/product_brand?post=1871"},{"taxonomy":"product_cat","embeddable":true,"href":"https:\/\/novalavie.daracaroline.com.br\/en\/wp-json\/wp\/v2\/product_cat?post=1871"},{"taxonomy":"product_tag","embeddable":true,"href":"https:\/\/novalavie.daracaroline.com.br\/en\/wp-json\/wp\/v2\/product_tag?post=1871"}],"curies":[{"name":"wp","href":"https:\/\/api.w.org\/{rel}","templated":true}]}}