{"id":1635,"date":"2022-10-28T23:36:55","date_gmt":"2022-10-28T23:36:55","guid":{"rendered":"https:\/\/novalavie.daracaroline.com.br\/?post_type=product&#038;p=1635"},"modified":"2026-02-04T02:30:08","modified_gmt":"2026-02-04T02:30:08","slug":"pulseira-lua-perola-prata","status":"publish","type":"product","link":"https:\/\/novalavie.daracaroline.com.br\/en\/product\/pulseira-lua-perola-prata\/","title":{"rendered":"Pulseira Lua P\u00e9rola Prata"},"content":{"rendered":"<p>Prata 925.<br \/>\nPedras em Zirc\u00f4nia Cristal.<br \/>\nP\u00e9rolas Naturais de \u00c1gua Doce.<br \/>\nComprimento da pulseira: Ajust\u00e1vel (15 cm + 5 cm).<\/p>","protected":false},"excerpt":{"rendered":"<p>Prata 925. Pedras em Zirc\u00f4nia Cristal. P\u00e9rolas Naturais de \u00c1gua Doce. Comprimento da pulseira: Ajust\u00e1vel (15 cm + 5 cm).<\/p>","protected":false},"featured_media":1623,"template":"","meta":[],"product_brand":[],"product_cat":[33,32],"product_tag":[],"class_list":{"0":"post-1635","1":"product","2":"type-product","3":"status-publish","4":"has-post-thumbnail","6":"product_cat-prata-925-pulseiras","7":"product_cat-pulseiras","9":"first","10":"outofstock","11":"shipping-taxable","12":"purchasable","13":"product-type-simple"},"_links":{"self":[{"href":"https:\/\/novalavie.daracaroline.com.br\/en\/wp-json\/wp\/v2\/product\/1635","targetHints":{"allow":["GET"]}}],"collection":[{"href":"https:\/\/novalavie.daracaroline.com.br\/en\/wp-json\/wp\/v2\/product"}],"about":[{"href":"https:\/\/novalavie.daracaroline.com.br\/en\/wp-json\/wp\/v2\/types\/product"}],"version-history":[{"count":0,"href":"https:\/\/novalavie.daracaroline.com.br\/en\/wp-json\/wp\/v2\/product\/1635\/revisions"}],"wp:featuredmedia":[{"embeddable":true,"href":"https:\/\/novalavie.daracaroline.com.br\/en\/wp-json\/wp\/v2\/media\/1623"}],"wp:attachment":[{"href":"https:\/\/novalavie.daracaroline.com.br\/en\/wp-json\/wp\/v2\/media?parent=1635"}],"wp:term":[{"taxonomy":"product_brand","embeddable":true,"href":"https:\/\/novalavie.daracaroline.com.br\/en\/wp-json\/wp\/v2\/product_brand?post=1635"},{"taxonomy":"product_cat","embeddable":true,"href":"https:\/\/novalavie.daracaroline.com.br\/en\/wp-json\/wp\/v2\/product_cat?post=1635"},{"taxonomy":"product_tag","embeddable":true,"href":"https:\/\/novalavie.daracaroline.com.br\/en\/wp-json\/wp\/v2\/product_tag?post=1635"}],"curies":[{"name":"wp","href":"https:\/\/api.w.org\/{rel}","templated":true}]}}