{"id":1082,"date":"2022-10-10T02:11:22","date_gmt":"2022-10-10T02:11:22","guid":{"rendered":"https:\/\/novalavie.daracaroline.com.br\/?post_type=product&#038;p=1082"},"modified":"2025-01-08T15:05:50","modified_gmt":"2025-01-08T15:05:50","slug":"pulseira-perola-ouro","status":"publish","type":"product","link":"https:\/\/novalavie.daracaroline.com.br\/en\/product\/pulseira-perola-ouro\/","title":{"rendered":"Pulseira P\u00e9rola Ouro"},"content":{"rendered":"<p>Prata 925 com Banho Ouro 18K<br \/>\nP\u00e9rolas de \u00e1gua doce.<br \/>\nComprimento da pulseira: Ajust\u00e1vel (16cm + 5cm).<\/p>","protected":false},"excerpt":{"rendered":"<p>Prata 925 com Banho Ouro 18K P\u00e9rolas de \u00e1gua doce. Comprimento da pulseira: Ajust\u00e1vel (16cm + 5cm).<\/p>","protected":false},"featured_media":1083,"template":"","meta":[],"product_brand":[],"product_cat":[34,32],"product_tag":[],"class_list":{"0":"post-1082","1":"product","2":"type-product","3":"status-publish","4":"has-post-thumbnail","6":"product_cat-prata-925-com-banho-ouro-18k-pulseiras","7":"product_cat-pulseiras","9":"first","10":"instock","11":"shipping-taxable","12":"purchasable","13":"product-type-simple"},"_links":{"self":[{"href":"https:\/\/novalavie.daracaroline.com.br\/en\/wp-json\/wp\/v2\/product\/1082","targetHints":{"allow":["GET"]}}],"collection":[{"href":"https:\/\/novalavie.daracaroline.com.br\/en\/wp-json\/wp\/v2\/product"}],"about":[{"href":"https:\/\/novalavie.daracaroline.com.br\/en\/wp-json\/wp\/v2\/types\/product"}],"version-history":[{"count":0,"href":"https:\/\/novalavie.daracaroline.com.br\/en\/wp-json\/wp\/v2\/product\/1082\/revisions"}],"wp:featuredmedia":[{"embeddable":true,"href":"https:\/\/novalavie.daracaroline.com.br\/en\/wp-json\/wp\/v2\/media\/1083"}],"wp:attachment":[{"href":"https:\/\/novalavie.daracaroline.com.br\/en\/wp-json\/wp\/v2\/media?parent=1082"}],"wp:term":[{"taxonomy":"product_brand","embeddable":true,"href":"https:\/\/novalavie.daracaroline.com.br\/en\/wp-json\/wp\/v2\/product_brand?post=1082"},{"taxonomy":"product_cat","embeddable":true,"href":"https:\/\/novalavie.daracaroline.com.br\/en\/wp-json\/wp\/v2\/product_cat?post=1082"},{"taxonomy":"product_tag","embeddable":true,"href":"https:\/\/novalavie.daracaroline.com.br\/en\/wp-json\/wp\/v2\/product_tag?post=1082"}],"curies":[{"name":"wp","href":"https:\/\/api.w.org\/{rel}","templated":true}]}}