{"id":1028,"date":"2022-10-10T01:29:57","date_gmt":"2022-10-10T01:29:57","guid":{"rendered":"https:\/\/novalavie.daracaroline.com.br\/?post_type=product&#038;p=1028"},"modified":"2026-02-16T13:44:37","modified_gmt":"2026-02-16T13:44:37","slug":"anel-caroline-prata","status":"publish","type":"product","link":"https:\/\/novalavie.daracaroline.com.br\/en\/product\/anel-caroline-prata\/","title":{"rendered":"Anel Caroline Prata"},"content":{"rendered":"<p>Prata 925<br \/>\nPedra Natural da Lua.<br \/>\nTamanho: Ajust\u00e1vel ao dedo.<\/p>\n<p>Anel em Prata 925 com Pedra da Lua natural, s\u00edmbolo de prote\u00e7\u00e3o e sofistica\u00e7\u00e3o.<\/p>\n<p>Possui design delicado e minimalista.<\/p>\n<p>Modelo ajust\u00e1vel.<\/p>","protected":false},"excerpt":{"rendered":"<p>Prata 925 Pedra Natural da Lua. Tamanho: Ajust\u00e1vel ao dedo. Anel em Prata 925 com Pedra da Lua natural, s\u00edmbolo de prote\u00e7\u00e3o e sofistica\u00e7\u00e3o. Possui design delicado e minimalista. Modelo ajust\u00e1vel.<\/p>","protected":false},"featured_media":1029,"template":"","meta":[],"product_brand":[],"product_cat":[20,60,21],"product_tag":[],"class_list":{"0":"post-1028","1":"product","2":"type-product","3":"status-publish","4":"has-post-thumbnail","6":"product_cat-aneis","7":"product_cat-aneis-ajustaveis","8":"product_cat-prata-925","10":"first","11":"onbackorder","12":"shipping-taxable","13":"purchasable","14":"product-type-simple"},"_links":{"self":[{"href":"https:\/\/novalavie.daracaroline.com.br\/en\/wp-json\/wp\/v2\/product\/1028","targetHints":{"allow":["GET"]}}],"collection":[{"href":"https:\/\/novalavie.daracaroline.com.br\/en\/wp-json\/wp\/v2\/product"}],"about":[{"href":"https:\/\/novalavie.daracaroline.com.br\/en\/wp-json\/wp\/v2\/types\/product"}],"version-history":[{"count":0,"href":"https:\/\/novalavie.daracaroline.com.br\/en\/wp-json\/wp\/v2\/product\/1028\/revisions"}],"wp:featuredmedia":[{"embeddable":true,"href":"https:\/\/novalavie.daracaroline.com.br\/en\/wp-json\/wp\/v2\/media\/1029"}],"wp:attachment":[{"href":"https:\/\/novalavie.daracaroline.com.br\/en\/wp-json\/wp\/v2\/media?parent=1028"}],"wp:term":[{"taxonomy":"product_brand","embeddable":true,"href":"https:\/\/novalavie.daracaroline.com.br\/en\/wp-json\/wp\/v2\/product_brand?post=1028"},{"taxonomy":"product_cat","embeddable":true,"href":"https:\/\/novalavie.daracaroline.com.br\/en\/wp-json\/wp\/v2\/product_cat?post=1028"},{"taxonomy":"product_tag","embeddable":true,"href":"https:\/\/novalavie.daracaroline.com.br\/en\/wp-json\/wp\/v2\/product_tag?post=1028"}],"curies":[{"name":"wp","href":"https:\/\/api.w.org\/{rel}","templated":true}]}}