{"id":1297,"date":"2022-10-10T14:47:49","date_gmt":"2022-10-10T14:47:49","guid":{"rendered":"https:\/\/novalavie.daracaroline.com.br\/?page_id=1297"},"modified":"2022-10-10T14:53:50","modified_gmt":"2022-10-10T14:53:50","slug":"politica-de-garantia","status":"publish","type":"page","link":"https:\/\/novalavie.daracaroline.com.br\/en\/politica-de-garantia\/","title":{"rendered":"Pol\u00edtica de Garantia"},"content":{"rendered":"<div data-elementor-type=\"wp-page\" data-elementor-id=\"1297\" class=\"elementor elementor-1297\" data-elementor-post-type=\"page\">\n\t\t\t\t<div class=\"xts-negative-gap elementor-element elementor-element-e7a4571 e-flex e-con-boxed xts-section-disabled e-con e-parent\" data-id=\"e7a4571\" data-element_type=\"container\" data-e-type=\"container\">\n\t\t\t\t\t<div class=\"e-con-inner\">\n\t\t\t\t<div class=\"elementor-element elementor-element-79438c2 elementor-widget elementor-widget-heading\" data-id=\"79438c2\" data-element_type=\"widget\" data-e-type=\"widget\" data-widget_type=\"heading.default\">\n\t\t\t\t<div class=\"elementor-widget-container\">\n\t\t\t\t\t<h2 class=\"elementor-heading-title elementor-size-default\">Pol\u00edtica de Garantia<\/h2>\t\t\t\t<\/div>\n\t\t\t\t<\/div>\n\t\t\t\t<div class=\"elementor-element elementor-element-bf0dd17 xts-scheme-inherit xts-textalign-inherit elementor-widget elementor-widget-text-editor\" data-id=\"bf0dd17\" data-element_type=\"widget\" data-e-type=\"widget\" data-widget_type=\"text-editor.default\">\n\t\t\t\t<div class=\"elementor-widget-container\">\n\t\t\t\t\t\t\t\t\t<ol><li><strong><u><span style=\"vertical-align: inherit;\">Prata 925 e Prata 925 com banho de Ouro 18K:<\/span><\/u><\/strong><\/li><\/ol><p><span style=\"vertical-align: inherit;\">As pe\u00e7as confeccionadas em Prata 925 possuem garantia de 3 (tr\u00eas) meses a partir da data da compra.<\/span><\/p><ol start=\"2\"><li><strong><u><span style=\"vertical-align: inherit;\"> Semijoias<\/span><\/u><\/strong><strong><span style=\"vertical-align: inherit;\">:<\/span><\/strong><\/li><\/ol><p><span style=\"vertical-align: inherit;\">Damos garantia de 30 (trinta) dias corridos para nossas semijoias, adquiridas pelo nosso site, a partir da data da compra, desde que o defeito da pe\u00e7a n\u00e3o seja por uso indevido.<\/span><\/p><p><strong><u><span style=\"vertical-align: inherit;\">Considera\u00e7\u00f5es a respeito da garantia:<\/span><\/u><\/strong><\/p><p><span style=\"vertical-align: inherit;\">A La Vie de Prata, conforme o c\u00f3digo de defesa do consumidor, possui prazo de 30 (trinta) dias para analisar o produto e dar uma posi\u00e7\u00e3o para o cliente. Comprovado o defeito de fabrica\u00e7\u00e3o, poder\u00e1 consertar o produto ou substituir por outro igual. Caso n\u00e3o possa ser substitu\u00eddo por outro igual no prazo de 30 dias, o cliente receber\u00e1 um cupom de cr\u00e9dito no valor da pe\u00e7a.<\/span><\/p><p><span style=\"vertical-align: inherit;\">As pe\u00e7as consideradas fora da garantia s\u00e3o:<\/span><\/p><ul><li><span style=\"vertical-align: inherit;\">Escurecidas por sujeira;<\/span><\/li><li><span style=\"vertical-align: inherit;\">Quebradas;<\/span><\/li><li><span style=\"vertical-align: inherit;\">Incompletas;<\/span><\/li><li><span style=\"vertical-align: inherit;\">Arranhadas;<\/span><\/li><li><span style=\"vertical-align: inherit;\">Arrebentadas;<\/span><\/li><li><span style=\"vertical-align: inherit;\">Amassadas;<\/span><\/li><li><span style=\"vertical-align: inherit;\">Avermelhadas;<\/span><\/li><li><span style=\"vertical-align: inherit;\">Com pedras opacas ou leitosas;<\/span><\/li><li><span style=\"vertical-align: inherit;\">Por mau uso;<\/span><\/li><li><span style=\"vertical-align: inherit;\">Pe\u00e7as de encaixe;<\/span><\/li><li><span style=\"vertical-align: inherit;\">Desgastadas por uso constante;<\/span><\/li><li><span style=\"vertical-align: inherit;\">Desprendimento ou escurecimento de resina.<\/span><\/li><\/ul><p><span style=\"vertical-align: inherit;\">Caso permane\u00e7a alguma d\u00favida, por favor, entre em contato conosco pelo e-mail <\/span><a href=\"mailto:contato@novalavie.daracaroline.com.br.br\"><span style=\"vertical-align: inherit;\">contato@novalavie.daracaroline.com.br.br<\/span><\/a><span style=\"vertical-align: inherit;\">.<\/span><\/p><p><strong><u><span style=\"vertical-align: inherit;\">CUIDADOS<\/span><\/u><\/strong><\/p><p><span style=\"vertical-align: inherit;\">Evitar o contato de seu produto com:<\/span><\/p><ul><li><span style=\"vertical-align: inherit;\">\u00c1gua do mar; \u00c1gua de piscina;<\/span><\/li><li><span style=\"vertical-align: inherit;\">Cremes;<\/span><\/li><li><span style=\"vertical-align: inherit;\">Detergentes;<\/span><\/li><li><span style=\"vertical-align: inherit;\">Produtos qu\u00edmicos;<\/span><\/li><li><span style=\"vertical-align: inherit;\">Umidade;<\/span><\/li><li><span style=\"vertical-align: inherit;\">Suor excessivo;<\/span><\/li><li><span style=\"vertical-align: inherit;\">Perfumes;<\/span><\/li><li><span style=\"vertical-align: inherit;\">Qualquer produto abrasivo.<\/span><\/li><\/ul><p><span style=\"vertical-align: inherit;\">Ap\u00f3s Uso:<\/span><\/p><ul><li><span style=\"vertical-align: inherit;\">Limpar suavemente as pe\u00e7as com uma flanela seca.<\/span><\/li><li><span style=\"vertical-align: inherit;\">Guardar as pe\u00e7as separadamente, evitando o atrito entre elas.<\/span><\/li><\/ul><p><strong><u><span style=\"vertical-align: inherit;\">Salientamos que pe\u00e7as promocionais ou de outlet n\u00e3o possuem garantia, sendo conferidas por nosso setor de qualidade no ato da compra<\/span><\/u><\/strong><\/p>\t\t\t\t\t\t\t\t<\/div>\n\t\t\t\t<\/div>\n\t\t\t\t\t<\/div>\n\t\t\t\t<\/div>\n\t\t\t\t<\/div>","protected":false},"excerpt":{"rendered":"<p>Pol\u00edtica de Garantia Prata 925 e Prata 925 com banho de Ouro 18K: As pe\u00e7as confeccionadas em Prata 925 possuem garantia de 3 (tr\u00eas) meses a partir da data da compra. Semijoias: Damos garantia de 30 (trinta) dias corridos para nossas semijoias, adquiridas pelo nosso site, a partir da data da compra, desde que o [&hellip;]<\/p>\n","protected":false},"author":1,"featured_media":0,"parent":0,"menu_order":0,"comment_status":"closed","ping_status":"closed","template":"","meta":{"footnotes":""},"class_list":["post-1297","page","type-page","status-publish","hentry"],"_links":{"self":[{"href":"https:\/\/novalavie.daracaroline.com.br\/en\/wp-json\/wp\/v2\/pages\/1297","targetHints":{"allow":["GET"]}}],"collection":[{"href":"https:\/\/novalavie.daracaroline.com.br\/en\/wp-json\/wp\/v2\/pages"}],"about":[{"href":"https:\/\/novalavie.daracaroline.com.br\/en\/wp-json\/wp\/v2\/types\/page"}],"author":[{"embeddable":true,"href":"https:\/\/novalavie.daracaroline.com.br\/en\/wp-json\/wp\/v2\/users\/1"}],"replies":[{"embeddable":true,"href":"https:\/\/novalavie.daracaroline.com.br\/en\/wp-json\/wp\/v2\/comments?post=1297"}],"version-history":[{"count":0,"href":"https:\/\/novalavie.daracaroline.com.br\/en\/wp-json\/wp\/v2\/pages\/1297\/revisions"}],"wp:attachment":[{"href":"https:\/\/novalavie.daracaroline.com.br\/en\/wp-json\/wp\/v2\/media?parent=1297"}],"curies":[{"name":"wp","href":"https:\/\/api.w.org\/{rel}","templated":true}]}}